{"id":5819,"date":"2020-02-11T10:23:19","date_gmt":"2020-02-11T15:23:19","guid":{"rendered":"https:\/\/siankite.net\/wassersport-schule-leistungen\/kite-ausruestung-mieten\/"},"modified":"2026-03-18T11:15:55","modified_gmt":"2026-03-18T16:15:55","slug":"kite-ausruestung-mieten","status":"publish","type":"page","link":"https:\/\/siankite.net\/de\/wassersport-schule-leistungen\/kite-ausruestung-mieten\/","title":{"rendered":"Kite-Ausr\u00fcstung mieten"},"content":{"rendered":"<p>[vc_row enable_surfer_icon=&#8220;no&#8220;][vc_column width=&#8220;1\/2&#8243;][vc_column_text]<\/p>\n<h4><span style=\"font-weight: bold;\">Unsere Equipment<\/span><\/h4>\n<p>[\/vc_column_text][vc_column_text]Das Team besteht aus hochqualifizierten IKO-Kiteboarding-Lehrern, die nur die neueste und sicherste Kiteboarding-Ausr\u00fcstung verwenden.<\/p>\n<p>Unsere Marken:<\/p>\n<ul>\n<li>Harlem<\/li>\n<li>O-Zone<\/li>\n<li>Slingshot<\/li>\n<li>Elftes<\/li>\n<li>Airush<\/li>\n<li>Fl\u00fcssige Kraft<\/li>\n<\/ul>\n<p>Komm einfach am Strand vorbei &#8211; keine Anmeldung erforderlich.[\/vc_column_text][\/vc_column][vc_column width=&#8220;1\/2&#8243;][vc_single_image image=&#8220;3051&#8243; img_size=&#8220;full&#8220;][\/vc_column][\/vc_row][vc_row content_text_aligment=&#8220;left&#8220; enable_surfer_icon=&#8220;no&#8220; css=&#8220;.vc_custom_1582543773844{padding-top: 14px !important;}&#8220;][vc_column][vc_empty_space][\/vc_column][\/vc_row][vc_row enable_surfer_icon=&#8220;no&#8220; css=&#8220;.vc_custom_1579769032153{padding-top: 61px !important;}&#8220;][vc_column offset=&#8220;vc_col-lg-offset-0 vc_col-lg-6 vc_col-md-offset-0 vc_col-md-12 vc_col-sm-offset-0 vc_col-xs-12&#8243; el_class=&#8220;qodef-map&#8220;][vc_column_text]<\/p>\n<h4><span style=\"font-weight: bold;\">Ausr\u00fcstung mieten<\/span><\/h4>\n<p>[\/vc_column_text][vc_empty_space height=&#8220;19px&#8220;]<div class=\"qodef-elements-holder   qodef-one-column  qodef-responsive-mode-768 \" ><div class=\"qodef-eh-item    \" style=\"background-image: url(https:\/\/siankite.net\/wp-content\/uploads\/2021\/10\/Sian-Kite-Kite_Watersport-School_Tulum_Mexic_rental-gear_50kb.jpg)\" data-item-class=\"qodef-eh-custom-9931\" data-1400-1600=\"135px 10px 191px 0px\" data-1025-1399=\"131px 10px 195px 0px\" data-769-1024=\"212px 0px 265px 0\" data-681-768=\"212px 0px 265px 0\" data-680=\"76px 0px 135px 0px\">\n\t<div class=\"qodef-eh-item-inner\">\n\t\t<div class=\"qodef-eh-item-content qodef-eh-custom-9931\" style=\"padding: 133px 10px 193px 0px\">\n\t\t\t\t\t<\/div>\n\t<\/div>\n<\/div><\/div>[\/vc_column][vc_column css=&#8220;.vc_custom_1550505500194{margin-left: -15px !important;padding-left: 0px !important;}&#8220; offset=&#8220;vc_col-lg-offset-0 vc_col-lg-6 vc_col-md-offset-0 vc_col-md-12 vc_col-sm-offset-0&#8243;]<div class=\"qodef-elements-holder   qodef-one-column  qodef-responsive-mode-768 \" ><div class=\"qodef-eh-item    \"  data-item-class=\"qodef-eh-custom-5463\" data-769-1024=\"18px 0px 17px 31px\" data-681-768=\"21px 0px 17px 33px\" data-680=\"9px 0px 17px 30px\">\n\t<div class=\"qodef-eh-item-inner\">\n\t\t<div class=\"qodef-eh-item-content qodef-eh-custom-5463\" style=\"padding: 0 0 0 5%\">\n\t\t\t[vc_column_text css=&#8220;.vc_custom_1634597878952{margin-top: 0px !important;}&#8220;]<\/p>\n<h4><span style=\"font-weight: bold;\">Ausr\u00fcstungspreise<\/span><\/h4>\n<p>[\/vc_column_text][vc_empty_space height=&#8220;8px&#8220;][vc_column_text css=&#8220;.vc_custom_1635893516028{padding-top: 3px !important;}&#8220;][\/vc_column_text][vc_empty_space height=&#8220;5px&#8220;]\r\n\t<ul class=\"tt_event_items_list\">\r\n\t\t\r\n\t<li class=\"timetable_clearfix type_info\">\r\n\t\t<label>Full gear rental:<\/label><div class=\"tt_event_text\">80 USD \/ Hour<\/div>\r\n\t<\/li>\r\n\t<li class=\"timetable_clearfix type_info\">\r\n\t\t<label>Kiteboard rental:<\/label><div class=\"tt_event_text\">20 USD \/ Hour<\/div>\r\n\t<\/li>\r\n\t<\/ul><a itemprop=\"url\" href=\"https:\/\/siankite.net\/contact-us\/\" target=\"_blank\"  class=\"qodef-btn qodef-btn-large qodef-btn-outline qodef-btn-wave-hover\"  >\n        <span class=\"qodef-btn-text\">Contact us<\/span>\n            <span class=\"qodef-btn-wave-holder\" style=\"background-image: url(&quot;data:image\/svg+xml,%3Csvg xmlns=&#039;http:\/\/www.w3.org\/2000\/svg&#039; x=&#039;0px&#039; y=&#039;0px&#039; width=&#039;172px&#039; height=&#039;126px&#039; viewBox=&#039;0 0 172 125.7&#039; enable-background=&#039;0 0 172 125.7&#039; xml:space=&#039;preserve&#039; %3E%3Cpath fill=&#039;%23000000&#039; d=&#039;M173,22.7c-33.9,0-44.7-14.1-88.4-14.1c-43.6,0-54.5,14.1-86,14.1V126l174.4-0.3C173,125.7,173,28.7,173,22.7z&#039;\/%3E%3C\/svg%3E&quot;)\" ><\/span>\n        <\/a>\t\t<\/div>\n\t<\/div>\n<\/div><\/div>[\/vc_column][\/vc_row][vc_row content_text_aligment=&#8220;left&#8220; enable_surfer_icon=&#8220;no&#8220; css=&#8220;.vc_custom_1582543773844{padding-top: 14px !important;}&#8220;][vc_column][vc_empty_space][\/vc_column][\/vc_row][vc_row content_text_aligment=&#8220;left&#8220; enable_surfer_icon=&#8220;no&#8220; css=&#8220;.vc_custom_1582543773844{padding-top: 14px !important;}&#8220;][vc_column][vc_widget_sidebar sidebar_id=&#8220;booking-widget&#8220;][\/vc_column][\/vc_row][vc_row content_text_aligment=&#8220;left&#8220; enable_surfer_icon=&#8220;no&#8220; css=&#8220;.vc_custom_1582543773844{padding-top: 14px !important;}&#8220;][vc_column][vc_empty_space][\/vc_column][\/vc_row][vc_row enable_surfer_icon=&#8220;no&#8220; css=&#8220;.vc_custom_1579771923784{padding-top: 59px !important;}&#8220;][vc_column offset=&#8220;vc_col-lg-offset-0 vc_col-lg-6 vc_col-md-offset-0 vc_col-md-12 vc_col-sm-offset-0 vc_col-xs-12&#8243; el_class=&#8220;qodef-map&#8220;][vc_column_text]<\/p>\n<h4><span style=\"font-weight: bold;\">Aus unserer Galerie<\/span><\/h4>\n<p>[\/vc_column_text][\/vc_column][vc_column css=&#8220;.vc_custom_1550505500194{margin-left: -15px !important;padding-left: 0px !important;}&#8220; offset=&#8220;vc_col-lg-offset-0 vc_col-lg-6 vc_col-md-offset-0 vc_col-md-12 vc_col-sm-offset-0&#8243;][\/vc_column][\/vc_row][vc_row enable_surfer_icon=&#8220;no&#8220; css=&#8220;.vc_custom_1579772034878{padding-top: 19px !important;}&#8220;][vc_column]<div class=\"qodef-image-gallery qodef-grid-list qodef-disable-bottom-space  qodef-ig-grid-type qodef-three-columns qodef-tiny-space qodef-has-shadow qodef-image-behavior-zoom\">\n\t<div class=\"qodef-ig-inner qodef-outer-space\">\n\t\t\t\t\t<div class=\"qodef-ig-image qodef-item-space\">\n\t\t\t\t<div class=\"qodef-ig-image-inner\">\n\t\t\t\t\t\t\t\t\t\t\t<img loading=\"lazy\" decoding=\"async\" width=\"500\" height=\"496\" src=\"https:\/\/siankite.net\/wp-content\/uploads\/2021\/11\/Sian-Kite-Kite_Watersport-School_Tulum_Mexico_Kite_Rental.jpg\" class=\"attachment-full size-full\" alt=\"Siankite-Watersport-School-Tulum-Mexico-Kite-Surf\" srcset=\"https:\/\/siankite.net\/wp-content\/uploads\/2021\/11\/Sian-Kite-Kite_Watersport-School_Tulum_Mexico_Kite_Rental.jpg 500w, https:\/\/siankite.net\/wp-content\/uploads\/2021\/11\/Sian-Kite-Kite_Watersport-School_Tulum_Mexico_Kite_Rental-300x298.jpg 300w, https:\/\/siankite.net\/wp-content\/uploads\/2021\/11\/Sian-Kite-Kite_Watersport-School_Tulum_Mexico_Kite_Rental-150x150.jpg 150w\" sizes=\"auto, (max-width: 500px) 100vw, 500px\" \/>\t\t\t\t\t\t\t\t\t<\/div>\n\t\t\t<\/div>\n\t\t\t\t\t<div class=\"qodef-ig-image qodef-item-space\">\n\t\t\t\t<div class=\"qodef-ig-image-inner\">\n\t\t\t\t\t\t\t\t\t\t\t<img loading=\"lazy\" decoding=\"async\" width=\"512\" height=\"384\" src=\"https:\/\/siankite.net\/wp-content\/uploads\/2021\/10\/Sian-Kite-Surf_Watersport-School_Tulum_Mexico_Kitesurf_02_50kb.jpg\" class=\"attachment-full size-full\" alt=\"Siankite-Watersport-School-Tulum-Mexico-Kite-Surf\" srcset=\"https:\/\/siankite.net\/wp-content\/uploads\/2021\/10\/Sian-Kite-Surf_Watersport-School_Tulum_Mexico_Kitesurf_02_50kb.jpg 512w, https:\/\/siankite.net\/wp-content\/uploads\/2021\/10\/Sian-Kite-Surf_Watersport-School_Tulum_Mexico_Kitesurf_02_50kb-300x225.jpg 300w\" sizes=\"auto, (max-width: 512px) 100vw, 512px\" \/>\t\t\t\t\t\t\t\t\t<\/div>\n\t\t\t<\/div>\n\t\t\t\t\t<div class=\"qodef-ig-image qodef-item-space\">\n\t\t\t\t<div class=\"qodef-ig-image-inner\">\n\t\t\t\t\t\t\t\t\t\t\t<img loading=\"lazy\" decoding=\"async\" width=\"512\" height=\"359\" src=\"https:\/\/siankite.net\/wp-content\/uploads\/2021\/10\/Sian-Kite-Kite_Watersport-School_Tulum_Mexico_home-location-_50kb.jpg\" class=\"attachment-full size-full\" alt=\"Siankite-Watersport-School-Tulum-Mexico-Kite-Surf\" srcset=\"https:\/\/siankite.net\/wp-content\/uploads\/2021\/10\/Sian-Kite-Kite_Watersport-School_Tulum_Mexico_home-location-_50kb.jpg 512w, https:\/\/siankite.net\/wp-content\/uploads\/2021\/10\/Sian-Kite-Kite_Watersport-School_Tulum_Mexico_home-location-_50kb-300x210.jpg 300w\" sizes=\"auto, (max-width: 512px) 100vw, 512px\" \/>\t\t\t\t\t\t\t\t\t<\/div>\n\t\t\t<\/div>\n\t\t\t<\/div>\n<\/div>[\/vc_column][\/vc_row][vc_row][vc_column][vc_empty_space][\/vc_column][\/vc_row][vc_row][vc_column][vc_empty_space][\/vc_column][\/vc_row][vc_row][vc_column width=&#8220;1\/3&#8243;][vc_separator][\/vc_column][vc_column width=&#8220;1\/3&#8243;][vc_widget_sidebar sidebar_id=&#8220;service-menu&#8220;][\/vc_column][vc_column width=&#8220;1\/3&#8243;][vc_separator][\/vc_column][\/vc_row][vc_row][vc_column][vc_empty_space][\/vc_column][\/vc_row]<\/p>\n","protected":false},"excerpt":{"rendered":"<p>[vc_row enable_surfer_icon=&#8220;no&#8220;][vc_column width=&#8220;1\/2&#8243;][vc_column_text] Unsere Equipment [\/vc_column_text][vc_column_text]Das Team besteht aus hochqualifizierten IKO-Kiteboarding-Lehrern, die nur die neueste und sicherste Kiteboarding-Ausr\u00fcstung verwenden. Unsere Marken: Harlem O-Zone Slingshot Elftes Airush Fl\u00fcssige Kraft Komm einfach am Strand vorbei &#8211; keine Anmeldung erforderlich.[\/vc_column_text][\/vc_column][vc_column width=&#8220;1\/2&#8243;][vc_single_image image=&#8220;3051&#8243; img_size=&#8220;full&#8220;][\/vc_column][\/vc_row][vc_row [&hellip;]<\/p>\n","protected":false},"author":1,"featured_media":0,"parent":5806,"menu_order":0,"comment_status":"closed","ping_status":"closed","template":"","meta":{"_coblocks_attr":"","_coblocks_dimensions":"","_coblocks_responsive_height":"","_coblocks_accordion_ie_support":"","footnotes":""},"class_list":["post-5819","page","type-page","status-publish","hentry"],"yoast_head":"<!-- This site is optimized with the Yoast SEO Premium plugin v19.5 (Yoast SEO v27.4) - https:\/\/yoast.com\/product\/yoast-seo-premium-wordpress\/ -->\n<title>Kite Ausr\u00fcstung Mieten Tulum | Kitesurf Gear Rental<\/title>\n<meta name=\"description\" content=\"Miete Kitesurf Ausr\u00fcstung in Tulum bei Siankite. Modernes und sicheres Equipment f\u00fchrender Marken direkt am Strand verf\u00fcgbar. Jetzt reservieren!\" \/>\n<meta name=\"robots\" content=\"index, follow, max-snippet:-1, max-image-preview:large, max-video-preview:-1\" \/>\n<link rel=\"canonical\" href=\"https:\/\/siankite.net\/de\/wassersport-schule-leistungen\/kite-ausruestung-mieten\/\" \/>\n<meta property=\"og:locale\" content=\"de_DE\" \/>\n<meta property=\"og:type\" content=\"article\" \/>\n<meta property=\"og:title\" content=\"Kite-Ausr\u00fcstung mieten\" \/>\n<meta property=\"og:description\" content=\"Miete Kitesurf Ausr\u00fcstung in Tulum bei Siankite. Modernes und sicheres Equipment f\u00fchrender Marken direkt am Strand verf\u00fcgbar. Jetzt reservieren!\" \/>\n<meta property=\"og:url\" content=\"https:\/\/siankite.net\/de\/wassersport-schule-leistungen\/kite-ausruestung-mieten\/\" \/>\n<meta property=\"og:site_name\" content=\"Siankite Watersports - Tulum - Mexico\" \/>\n<meta property=\"article:publisher\" content=\"https:\/\/www.facebook.com\/SIANKITETULUM\/\" \/>\n<meta property=\"article:modified_time\" content=\"2026-03-18T16:15:55+00:00\" \/>\n<meta property=\"og:image\" content=\"https:\/\/siankite.net\/wp-content\/uploads\/2021\/10\/Sian-Kite-Kite_Watersport-School_Tulum_Mexico_home-__50kb-.png\" \/>\n\t<meta property=\"og:image:width\" content=\"469\" \/>\n\t<meta property=\"og:image:height\" content=\"360\" \/>\n\t<meta property=\"og:image:type\" content=\"image\/png\" \/>\n<meta name=\"twitter:card\" content=\"summary_large_image\" \/>\n<script type=\"application\/ld+json\" class=\"yoast-schema-graph\">{\"@context\":\"https:\\\/\\\/schema.org\",\"@graph\":[{\"@type\":\"WebPage\",\"@id\":\"https:\\\/\\\/siankite.net\\\/de\\\/wassersport-schule-leistungen\\\/kite-ausruestung-mieten\\\/\",\"url\":\"https:\\\/\\\/siankite.net\\\/de\\\/wassersport-schule-leistungen\\\/kite-ausruestung-mieten\\\/\",\"name\":\"Kite Ausr\u00fcstung Mieten Tulum | Kitesurf Gear Rental\",\"isPartOf\":{\"@id\":\"https:\\\/\\\/siankite.net\\\/de\\\/#website\"},\"datePublished\":\"2020-02-11T15:23:19+00:00\",\"dateModified\":\"2026-03-18T16:15:55+00:00\",\"description\":\"Miete Kitesurf Ausr\u00fcstung in Tulum bei Siankite. Modernes und sicheres Equipment f\u00fchrender Marken direkt am Strand verf\u00fcgbar. Jetzt reservieren!\",\"breadcrumb\":{\"@id\":\"https:\\\/\\\/siankite.net\\\/de\\\/wassersport-schule-leistungen\\\/kite-ausruestung-mieten\\\/#breadcrumb\"},\"inLanguage\":\"de\",\"potentialAction\":[{\"@type\":\"ReadAction\",\"target\":[\"https:\\\/\\\/siankite.net\\\/de\\\/wassersport-schule-leistungen\\\/kite-ausruestung-mieten\\\/\"]}]},{\"@type\":\"BreadcrumbList\",\"@id\":\"https:\\\/\\\/siankite.net\\\/de\\\/wassersport-schule-leistungen\\\/kite-ausruestung-mieten\\\/#breadcrumb\",\"itemListElement\":[{\"@type\":\"ListItem\",\"position\":1,\"name\":\"Siankite\",\"item\":\"https:\\\/\\\/siankite.net\\\/de\\\/\"},{\"@type\":\"ListItem\",\"position\":2,\"name\":\"Wassersportschule\",\"item\":\"https:\\\/\\\/siankite.net\\\/de\\\/wassersport-schule-leistungen\\\/\"},{\"@type\":\"ListItem\",\"position\":3,\"name\":\"Kite-Ausr\u00fcstung mieten\"}]},{\"@type\":\"WebSite\",\"@id\":\"https:\\\/\\\/siankite.net\\\/de\\\/#website\",\"url\":\"https:\\\/\\\/siankite.net\\\/de\\\/\",\"name\":\"Sian Kite Watersports - Tulum - Mexico\",\"description\":\"Surf & Kiteboarding Schule\",\"publisher\":{\"@id\":\"https:\\\/\\\/siankite.net\\\/de\\\/#organization\"},\"potentialAction\":[{\"@type\":\"SearchAction\",\"target\":{\"@type\":\"EntryPoint\",\"urlTemplate\":\"https:\\\/\\\/siankite.net\\\/de\\\/?s={search_term_string}\"},\"query-input\":{\"@type\":\"PropertyValueSpecification\",\"valueRequired\":true,\"valueName\":\"search_term_string\"}}],\"inLanguage\":\"de\"},{\"@type\":[\"Organization\",\"Place\",\"SportsActivityLocation\"],\"@id\":\"https:\\\/\\\/siankite.net\\\/de\\\/#organization\",\"name\":\"Siankite Watersport School Tulum - Mexico\",\"url\":\"https:\\\/\\\/siankite.net\\\/de\\\/\",\"logo\":{\"@id\":\"https:\\\/\\\/siankite.net\\\/de\\\/wassersport-schule-leistungen\\\/kite-ausruestung-mieten\\\/#local-main-organization-logo\"},\"image\":{\"@id\":\"https:\\\/\\\/siankite.net\\\/de\\\/wassersport-schule-leistungen\\\/kite-ausruestung-mieten\\\/#local-main-organization-logo\"},\"sameAs\":[\"https:\\\/\\\/www.facebook.com\\\/SIANKITETULUM\\\/\",\"https:\\\/\\\/www.instagram.com\\\/siankite\\\/\",\"https:\\\/\\\/www.youtube.com\\\/user\\\/siankitetulum\\\/featured\"],\"address\":{\"@id\":\"https:\\\/\\\/siankite.net\\\/de\\\/wassersport-schule-leistungen\\\/kite-ausruestung-mieten\\\/#local-main-place-address\"},\"telephone\":[\"+ 52 1 984 185 1151\"],\"openingHoursSpecification\":[{\"@type\":\"OpeningHoursSpecification\",\"dayOfWeek\":[\"Monday\",\"Tuesday\",\"Wednesday\",\"Thursday\",\"Friday\",\"Saturday\",\"Sunday\"],\"opens\":\"09:00\",\"closes\":\"19:00\"}],\"email\":\"booking@siankite.net\",\"priceRange\":\"$$\"},{\"@type\":\"PostalAddress\",\"@id\":\"https:\\\/\\\/siankite.net\\\/de\\\/wassersport-schule-leistungen\\\/kite-ausruestung-mieten\\\/#local-main-place-address\",\"streetAddress\":\"Carr. Tulum-Boca Paila Km 4.5, Tulum Beach, Zona Costera\",\"addressLocality\":\"Tulum\",\"postalCode\":\"77780\",\"addressRegion\":\"Quintana Roo\",\"addressCountry\":\"MX\"},{\"@type\":\"ImageObject\",\"inLanguage\":\"de\",\"@id\":\"https:\\\/\\\/siankite.net\\\/de\\\/wassersport-schule-leistungen\\\/kite-ausruestung-mieten\\\/#local-main-organization-logo\",\"url\":\"https:\\\/\\\/siankite.net\\\/wp-content\\\/uploads\\\/2021\\\/11\\\/Sian-Kite-Tulum-Mexico-Kite-Logo_black_trans_512.png\",\"contentUrl\":\"https:\\\/\\\/siankite.net\\\/wp-content\\\/uploads\\\/2021\\\/11\\\/Sian-Kite-Tulum-Mexico-Kite-Logo_black_trans_512.png\",\"width\":512,\"height\":512,\"caption\":\"Siankite Watersport School Tulum - Mexico\"}]}<\/script>\n<meta name=\"geo.placename\" content=\"Tulum\" \/>\n<meta name=\"geo.region\" content=\"Mexico\" \/>\n<!-- \/ Yoast SEO Premium plugin. -->","yoast_head_json":{"title":"Kite Ausr\u00fcstung Mieten Tulum | Kitesurf Gear Rental","description":"Miete Kitesurf Ausr\u00fcstung in Tulum bei Siankite. Modernes und sicheres Equipment f\u00fchrender Marken direkt am Strand verf\u00fcgbar. Jetzt reservieren!","robots":{"index":"index","follow":"follow","max-snippet":"max-snippet:-1","max-image-preview":"max-image-preview:large","max-video-preview":"max-video-preview:-1"},"canonical":"https:\/\/siankite.net\/de\/wassersport-schule-leistungen\/kite-ausruestung-mieten\/","og_locale":"de_DE","og_type":"article","og_title":"Kite-Ausr\u00fcstung mieten","og_description":"Miete Kitesurf Ausr\u00fcstung in Tulum bei Siankite. Modernes und sicheres Equipment f\u00fchrender Marken direkt am Strand verf\u00fcgbar. Jetzt reservieren!","og_url":"https:\/\/siankite.net\/de\/wassersport-schule-leistungen\/kite-ausruestung-mieten\/","og_site_name":"Siankite Watersports - Tulum - Mexico","article_publisher":"https:\/\/www.facebook.com\/SIANKITETULUM\/","article_modified_time":"2026-03-18T16:15:55+00:00","og_image":[{"width":469,"height":360,"url":"https:\/\/siankite.net\/wp-content\/uploads\/2021\/10\/Sian-Kite-Kite_Watersport-School_Tulum_Mexico_home-__50kb-.png","type":"image\/png"}],"twitter_card":"summary_large_image","schema":{"@context":"https:\/\/schema.org","@graph":[{"@type":"WebPage","@id":"https:\/\/siankite.net\/de\/wassersport-schule-leistungen\/kite-ausruestung-mieten\/","url":"https:\/\/siankite.net\/de\/wassersport-schule-leistungen\/kite-ausruestung-mieten\/","name":"Kite Ausr\u00fcstung Mieten Tulum | Kitesurf Gear Rental","isPartOf":{"@id":"https:\/\/siankite.net\/de\/#website"},"datePublished":"2020-02-11T15:23:19+00:00","dateModified":"2026-03-18T16:15:55+00:00","description":"Miete Kitesurf Ausr\u00fcstung in Tulum bei Siankite. Modernes und sicheres Equipment f\u00fchrender Marken direkt am Strand verf\u00fcgbar. Jetzt reservieren!","breadcrumb":{"@id":"https:\/\/siankite.net\/de\/wassersport-schule-leistungen\/kite-ausruestung-mieten\/#breadcrumb"},"inLanguage":"de","potentialAction":[{"@type":"ReadAction","target":["https:\/\/siankite.net\/de\/wassersport-schule-leistungen\/kite-ausruestung-mieten\/"]}]},{"@type":"BreadcrumbList","@id":"https:\/\/siankite.net\/de\/wassersport-schule-leistungen\/kite-ausruestung-mieten\/#breadcrumb","itemListElement":[{"@type":"ListItem","position":1,"name":"Siankite","item":"https:\/\/siankite.net\/de\/"},{"@type":"ListItem","position":2,"name":"Wassersportschule","item":"https:\/\/siankite.net\/de\/wassersport-schule-leistungen\/"},{"@type":"ListItem","position":3,"name":"Kite-Ausr\u00fcstung mieten"}]},{"@type":"WebSite","@id":"https:\/\/siankite.net\/de\/#website","url":"https:\/\/siankite.net\/de\/","name":"Sian Kite Watersports - Tulum - Mexico","description":"Surf & Kiteboarding Schule","publisher":{"@id":"https:\/\/siankite.net\/de\/#organization"},"potentialAction":[{"@type":"SearchAction","target":{"@type":"EntryPoint","urlTemplate":"https:\/\/siankite.net\/de\/?s={search_term_string}"},"query-input":{"@type":"PropertyValueSpecification","valueRequired":true,"valueName":"search_term_string"}}],"inLanguage":"de"},{"@type":["Organization","Place","SportsActivityLocation"],"@id":"https:\/\/siankite.net\/de\/#organization","name":"Siankite Watersport School Tulum - Mexico","url":"https:\/\/siankite.net\/de\/","logo":{"@id":"https:\/\/siankite.net\/de\/wassersport-schule-leistungen\/kite-ausruestung-mieten\/#local-main-organization-logo"},"image":{"@id":"https:\/\/siankite.net\/de\/wassersport-schule-leistungen\/kite-ausruestung-mieten\/#local-main-organization-logo"},"sameAs":["https:\/\/www.facebook.com\/SIANKITETULUM\/","https:\/\/www.instagram.com\/siankite\/","https:\/\/www.youtube.com\/user\/siankitetulum\/featured"],"address":{"@id":"https:\/\/siankite.net\/de\/wassersport-schule-leistungen\/kite-ausruestung-mieten\/#local-main-place-address"},"telephone":["+ 52 1 984 185 1151","+ 52 1 984 185 1151"],"openingHoursSpecification":[{"@type":"OpeningHoursSpecification","dayOfWeek":["Monday","Tuesday","Wednesday","Thursday","Friday","Saturday","Sunday"],"opens":"09:00","closes":"19:00"}],"email":"booking@siankite.net","priceRange":"$$"},{"@type":"PostalAddress","@id":"https:\/\/siankite.net\/de\/wassersport-schule-leistungen\/kite-ausruestung-mieten\/#local-main-place-address","streetAddress":"Carr. Tulum-Boca Paila Km 4.5, Tulum Beach, Zona Costera","addressLocality":"Tulum","postalCode":"77780","addressRegion":"Quintana Roo","addressCountry":"MX"},{"@type":"ImageObject","inLanguage":"de","@id":"https:\/\/siankite.net\/de\/wassersport-schule-leistungen\/kite-ausruestung-mieten\/#local-main-organization-logo","url":"https:\/\/siankite.net\/wp-content\/uploads\/2021\/11\/Sian-Kite-Tulum-Mexico-Kite-Logo_black_trans_512.png","contentUrl":"https:\/\/siankite.net\/wp-content\/uploads\/2021\/11\/Sian-Kite-Tulum-Mexico-Kite-Logo_black_trans_512.png","width":512,"height":512,"caption":"Siankite Watersport School Tulum - Mexico"}]},"geo.placename":"Tulum","geo.region":"Mexico"},"_links":{"self":[{"href":"https:\/\/siankite.net\/de\/wp-json\/wp\/v2\/pages\/5819","targetHints":{"allow":["GET"]}}],"collection":[{"href":"https:\/\/siankite.net\/de\/wp-json\/wp\/v2\/pages"}],"about":[{"href":"https:\/\/siankite.net\/de\/wp-json\/wp\/v2\/types\/page"}],"author":[{"embeddable":true,"href":"https:\/\/siankite.net\/de\/wp-json\/wp\/v2\/users\/1"}],"replies":[{"embeddable":true,"href":"https:\/\/siankite.net\/de\/wp-json\/wp\/v2\/comments?post=5819"}],"version-history":[{"count":2,"href":"https:\/\/siankite.net\/de\/wp-json\/wp\/v2\/pages\/5819\/revisions"}],"predecessor-version":[{"id":5821,"href":"https:\/\/siankite.net\/de\/wp-json\/wp\/v2\/pages\/5819\/revisions\/5821"}],"up":[{"embeddable":true,"href":"https:\/\/siankite.net\/de\/wp-json\/wp\/v2\/pages\/5806"}],"wp:attachment":[{"href":"https:\/\/siankite.net\/de\/wp-json\/wp\/v2\/media?parent=5819"}],"curies":[{"name":"wp","href":"https:\/\/api.w.org\/{rel}","templated":true}]}}