{"id":5867,"date":"2020-02-11T10:21:27","date_gmt":"2020-02-11T15:21:27","guid":{"rendered":"https:\/\/siankite.net\/deportes-acuaticos-escuela-servicios\/lecciones-de-surf\/"},"modified":"2026-03-18T11:19:26","modified_gmt":"2026-03-18T16:19:26","slug":"lecciones-de-surf","status":"publish","type":"page","link":"https:\/\/siankite.net\/es\/deportes-acuaticos-escuela-servicios\/lecciones-de-surf\/","title":{"rendered":"Clases de surf"},"content":{"rendered":"<p>[vc_row enable_surfer_icon=\u00bbno\u00bb css=\u00bb.vc_custom_1579277130626{padding-top: 16px !important;}\u00bb][vc_column offset=\u00bbvc_col-lg-offset-0 vc_col-lg-6 vc_col-md-offset-0 vc_col-md-12 vc_col-sm-offset-0 vc_col-xs-12&#8243; el_class=\u00bbqodef-map\u00bb][vc_column_text]<\/p>\n<h4><span style=\"font-weight: bold;\">Sobre la lecci\u00f3n<\/span><\/h4>\n<p>Durante la clase cubrimos todos los aspectos b\u00e1sicos, desde las t\u00e9cnicas hasta el surf<br \/>\netiqueta y seguridad. Todo el mundo tiene diferentes capacidades y objetivos personales en el<br \/>\nagua, nuestros instructores profesionales est\u00e1n ah\u00ed para guiarte en cada ola.[\/vc_column_text][\/vc_column][vc_column css=\u00bb.vc_custom_1550505500194{margin-left: -15px !important;padding-left: 0px !important;}\u00bb offset=\u00bbvc_col-lg-offset-0 vc_col-lg-6 vc_col-md-offset-0 vc_col-md-12 vc_col-sm-offset-0&#8243;][vc_single_image image=\u00bb3053&#8243; img_size=\u00bbfull\u00bb][\/vc_column][\/vc_row][vc_row enable_surfer_icon=\u00bbno\u00bb css=\u00bb.vc_custom_1579769032153{padding-top: 61px !important;}\u00bb][vc_column offset=\u00bbvc_col-lg-offset-0 vc_col-lg-6 vc_col-md-offset-0 vc_col-md-12 vc_col-sm-offset-0 vc_col-xs-12&#8243; el_class=\u00bbqodef-map\u00bb][vc_column_text]<\/p>\n<h4><span style=\"font-weight: bold;\">ser uno con el oc\u00e9ano.<\/span><\/h4>\n<p>[\/vc_column_text][vc_empty_space height=\u00bb19px\u00bb]<div class=\"qodef-elements-holder   qodef-one-column  qodef-responsive-mode-768 \" ><div class=\"qodef-eh-item    \" style=\"background-image: url(https:\/\/siankite.net\/wp-content\/uploads\/2021\/11\/Sian-Kite-Kite_Watersport-School_Tulum_Mexico_Kite_Surf.png)\" data-item-class=\"qodef-eh-custom-4949\" data-1400-1600=\"135px 10px 191px 0px\" data-1025-1399=\"131px 10px 195px 0px\" data-769-1024=\"212px 0px 265px 0\" data-681-768=\"212px 0px 265px 0\" data-680=\"76px 0px 135px 0px\">\n\t<div class=\"qodef-eh-item-inner\">\n\t\t<div class=\"qodef-eh-item-content qodef-eh-custom-4949\" style=\"padding: 133px 10px 193px 0px\">\n\t\t\t<div class=\"qodef-video-button-holder   \">\n            <div class=\"qodef-video-button-image\">\n                    <\/div>\n                    <a class=\"qodef-video-button-play\"  href=\"https:\/\/www.youtube.com\/watch?v=JzbGRWrjfsc\" data-rel=\"prettyPhoto[video_button_pretty_photo_319]\">\n                <span class=\"qodef-video-button-play-inner\">\n                    <span class=\"qodef-icon-dripicons dripicon dripicons-media-play\"><\/span>\n                <\/span>\n            <\/a>\n            <\/div>\t\t<\/div>\n\t<\/div>\n<\/div><\/div>[\/vc_column][vc_column css=\u00bb.vc_custom_1550505500194{margin-left: -15px !important;padding-left: 0px !important;}\u00bb offset=\u00bbvc_col-lg-offset-0 vc_col-lg-6 vc_col-md-offset-0 vc_col-md-12 vc_col-sm-offset-0&#8243;]<div class=\"qodef-elements-holder   qodef-one-column  qodef-responsive-mode-768 \" ><div class=\"qodef-eh-item    \"  data-item-class=\"qodef-eh-custom-4275\" data-769-1024=\"18px 0px 17px 31px\" data-681-768=\"21px 0px 17px 33px\" data-680=\"9px 0px 17px 30px\">\n\t<div class=\"qodef-eh-item-inner\">\n\t\t<div class=\"qodef-eh-item-content qodef-eh-custom-4275\" style=\"padding: 0 0 0 5%\">\n\t\t\t[vc_column_text css=\u00bb.vc_custom_1579707948647{margin-top: 0px !important;}\u00bb]<\/p>\n<h4><span style=\"font-weight: bold;\">precios del surf<\/span><\/h4>\n<p>[\/vc_column_text][vc_empty_space height=\u00bb8px\u00bb][vc_column_text css=\u00bb.vc_custom_1635961634202{padding-top: 3px !important;}\u00bb]<\/p>\n<p>[\/vc_column_text][vc_empty_space height=\u00bb5px\u00bb]\r\n\t<ul class=\"tt_event_items_list\">\r\n\t\t\r\n\t<li class=\"timetable_clearfix type_info\">\r\n\t\t<label>Private Lesson:<\/label><div class=\"tt_event_text\">70 USD \/ Hour free of Board use after Lesson<\/div>\r\n\t<\/li>\r\n\t<li class=\"timetable_clearfix type_info\">\r\n\t\t<label>Group lesson:<\/label><div class=\"tt_event_text\">40 USD \/ Hour<\/div>\r\n\t<\/li>\r\n\t<li class=\"timetable_clearfix type_info\">\r\n\t\t<label>Package:<\/label><div class=\"tt_event_text\">200 USD \/ 4 Hours<\/div>\r\n\t<\/li>\r\n\t<li class=\"timetable_clearfix type_info\">\r\n\t\t<label>Foil Lesson:<\/label><div class=\"tt_event_text\">80 USD \/ Hour<\/div>\r\n\t<\/li>\r\n\t<li class=\"timetable_clearfix type_info\">\r\n\t\t<label>Surf Board Rental:<\/label><div class=\"tt_event_text\">25 USD \/ Hour<\/div>\r\n\t<\/li>\r\n\t<li class=\"timetable_clearfix type_info\">\r\n\t\t<label>Surf Board Rental:<\/label><div class=\"tt_event_text\">60 USD \/ 4 Hours<\/div>\r\n\t<\/li>\r\n\t<li class=\"timetable_clearfix type_info\">\r\n\t\t<label>Body Board Rental:<\/label><div class=\"tt_event_text\">10 USD \/ Hour<\/div>\r\n\t<\/li>\r\n\t<\/ul><a itemprop=\"url\" href=\"https:\/\/waveride.qodeinteractive.com\/contact-us\/\" target=\"_self\" style=\"padding: 13px 37px 10px\" class=\"qodef-btn qodef-btn-large qodef-btn-outline qodef-btn-wave-hover\"  >\n        <span class=\"qodef-btn-text\">Book now<\/span>\n            <span class=\"qodef-btn-wave-holder\" style=\"background-image: url(&quot;data:image\/svg+xml,%3Csvg xmlns=&#039;http:\/\/www.w3.org\/2000\/svg&#039; x=&#039;0px&#039; y=&#039;0px&#039; width=&#039;172px&#039; height=&#039;126px&#039; viewBox=&#039;0 0 172 125.7&#039; enable-background=&#039;0 0 172 125.7&#039; xml:space=&#039;preserve&#039; %3E%3Cpath fill=&#039;%23000000&#039; d=&#039;M173,22.7c-33.9,0-44.7-14.1-88.4-14.1c-43.6,0-54.5,14.1-86,14.1V126l174.4-0.3C173,125.7,173,28.7,173,22.7z&#039;\/%3E%3C\/svg%3E&quot;)\" ><\/span>\n        <\/a>\t\t<\/div>\n\t<\/div>\n<\/div><\/div>[\/vc_column][\/vc_row][vc_row content_text_aligment=\u00bbleft\u00bb enable_surfer_icon=\u00bbno\u00bb css=\u00bb.vc_custom_1582543773844{padding-top: 14px !important;}\u00bb][vc_column][vc_column_text css=\u00bb.vc_custom_1634611361276{padding-top: 2px !important;}\u00bb]<\/p>\n<blockquote>\n<p style=\"text-align: left;\">\u00abBaila con las olas, mu\u00e9vete con el mar. Deja que el ritmo del agua libere tu alma\u00bb.<br \/>\n&#8211; Christy Ann Martine &#8211;<\/p>\n<\/blockquote>\n<p>[\/vc_column_text][vc_column_text]<\/p>\n<ul>\n<li>El surf no consiste s\u00f3lo en subirse a una tabla y cabalgar una ola. Es la combinaci\u00f3n de bienestar f\u00edsico, ser uno con la naturaleza y, sobre todo, divertirse. En Siankite combinamos todos estos elementos para crear, no s\u00f3lo una lecci\u00f3n, sino una<br \/>\nexperiencia.<\/li>\n<\/ul>\n<p>[\/vc_column_text][\/vc_column][\/vc_row][vc_row enable_surfer_icon=\u00bbno\u00bb css=\u00bb.vc_custom_1579771923784{padding-top: 59px !important;}\u00bb][vc_column offset=\u00bbvc_col-lg-offset-0 vc_col-lg-6 vc_col-md-offset-0 vc_col-md-12 vc_col-sm-offset-0 vc_col-xs-12&#8243; el_class=\u00bbqodef-map\u00bb][vc_column_text]<\/p>\n<h4><span style=\"font-weight: bold;\">De nuestra galer\u00eda<\/span><\/h4>\n<p>[\/vc_column_text][\/vc_column][vc_column css=\u00bb.vc_custom_1550505500194{margin-left: -15px !important;padding-left: 0px !important;}\u00bb offset=\u00bbvc_col-lg-offset-0 vc_col-lg-6 vc_col-md-offset-0 vc_col-md-12 vc_col-sm-offset-0&#8243;][\/vc_column][\/vc_row][vc_row enable_surfer_icon=\u00bbno\u00bb css=\u00bb.vc_custom_1579772034878{padding-top: 19px !important;}\u00bb][vc_column]<div class=\"qodef-image-gallery qodef-grid-list qodef-grid-masonry-list qodef-disable-bottom-space  qodef-ig-masonry-type qodef-three-columns qodef-tiny-space qodef-has-shadow qodef-image-behavior-zoom\">\n\t<div class=\"qodef-ig-inner qodef-outer-space qodef-masonry-list-wrapper\">\n\t\t<div class=\"qodef-masonry-grid-sizer\"><\/div>\n\t\t<div class=\"qodef-masonry-grid-gutter\"><\/div>\n\t\t\t\t\t\t\t\t<div class=\"qodef-ig-image qodef-item-space \">\n\t\t\t\t<div class=\"qodef-ig-image-inner\">\n\t\t\t\t\t\t\t\t\t\t\t<img loading=\"lazy\" decoding=\"async\" width=\"500\" height=\"451\" src=\"https:\/\/siankite.net\/wp-content\/uploads\/2021\/11\/Sian-Kite-Kite_Watersport-School_Tulum_Mexico_Kite_Surf.jpg\" class=\"attachment-full size-full\" alt=\"Siankite-Watersport-School-Tulum-Mexico-Kite-Surf\" srcset=\"https:\/\/siankite.net\/wp-content\/uploads\/2021\/11\/Sian-Kite-Kite_Watersport-School_Tulum_Mexico_Kite_Surf.jpg 500w, https:\/\/siankite.net\/wp-content\/uploads\/2021\/11\/Sian-Kite-Kite_Watersport-School_Tulum_Mexico_Kite_Surf-300x271.jpg 300w\" sizes=\"auto, (max-width: 500px) 100vw, 500px\" \/>\t\t\t\t\t\t\t\t\t<\/div>\n\t\t\t<\/div>\n\t\t\t\t\t\t\t\t<div class=\"qodef-ig-image qodef-item-space \">\n\t\t\t\t<div class=\"qodef-ig-image-inner\">\n\t\t\t\t\t\t\t\t\t\t\t<img loading=\"lazy\" decoding=\"async\" width=\"1920\" height=\"1440\" src=\"https:\/\/siankite.net\/wp-content\/uploads\/2021\/10\/Sian-Kite-Kite_Watersport-School_Tulum_Mexic_home-_200kb.jpg\" class=\"attachment-full size-full\" alt=\"Siankite-Watersport-School-Tulum-Mexico-Kite-Surf\" srcset=\"https:\/\/siankite.net\/wp-content\/uploads\/2021\/10\/Sian-Kite-Kite_Watersport-School_Tulum_Mexic_home-_200kb.jpg 1920w, https:\/\/siankite.net\/wp-content\/uploads\/2021\/10\/Sian-Kite-Kite_Watersport-School_Tulum_Mexic_home-_200kb-600x450.jpg 600w, https:\/\/siankite.net\/wp-content\/uploads\/2021\/10\/Sian-Kite-Kite_Watersport-School_Tulum_Mexic_home-_200kb-300x225.jpg 300w, https:\/\/siankite.net\/wp-content\/uploads\/2021\/10\/Sian-Kite-Kite_Watersport-School_Tulum_Mexic_home-_200kb-1024x768.jpg 1024w, https:\/\/siankite.net\/wp-content\/uploads\/2021\/10\/Sian-Kite-Kite_Watersport-School_Tulum_Mexic_home-_200kb-768x576.jpg 768w, https:\/\/siankite.net\/wp-content\/uploads\/2021\/10\/Sian-Kite-Kite_Watersport-School_Tulum_Mexic_home-_200kb-1536x1152.jpg 1536w\" sizes=\"auto, (max-width: 1920px) 100vw, 1920px\" \/>\t\t\t\t\t\t\t\t\t<\/div>\n\t\t\t<\/div>\n\t\t\t\t\t\t\t\t<div class=\"qodef-ig-image qodef-item-space \">\n\t\t\t\t<div class=\"qodef-ig-image-inner\">\n\t\t\t\t\t\t\t\t\t\t\t<img loading=\"lazy\" decoding=\"async\" width=\"512\" height=\"644\" src=\"https:\/\/siankite.net\/wp-content\/uploads\/2021\/10\/Sian-Kite-Surf_Watersport-School_Tulum_Mexico_Surf_13_50kb.jpg\" class=\"attachment-full size-full\" alt=\"Siankite-Watersport-School-Tulum-Mexico-Kite-Surf\" srcset=\"https:\/\/siankite.net\/wp-content\/uploads\/2021\/10\/Sian-Kite-Surf_Watersport-School_Tulum_Mexico_Surf_13_50kb.jpg 512w, https:\/\/siankite.net\/wp-content\/uploads\/2021\/10\/Sian-Kite-Surf_Watersport-School_Tulum_Mexico_Surf_13_50kb-239x300.jpg 239w\" sizes=\"auto, (max-width: 512px) 100vw, 512px\" \/>\t\t\t\t\t\t\t\t\t<\/div>\n\t\t\t<\/div>\n\t\t\t\t\t\t\t\t<div class=\"qodef-ig-image qodef-item-space \">\n\t\t\t\t<div class=\"qodef-ig-image-inner\">\n\t\t\t\t\t\t\t\t\t\t\t<img loading=\"lazy\" decoding=\"async\" width=\"512\" height=\"512\" src=\"https:\/\/siankite.net\/wp-content\/uploads\/2021\/10\/Sian-Kite-Surf_Watersport-School_Tulum_Mexico_Surf_05_50kb.jpg\" class=\"attachment-full size-full\" alt=\"Siankite-Watersport-School-Tulum-Mexico-Kite-Surf\" srcset=\"https:\/\/siankite.net\/wp-content\/uploads\/2021\/10\/Sian-Kite-Surf_Watersport-School_Tulum_Mexico_Surf_05_50kb.jpg 512w, https:\/\/siankite.net\/wp-content\/uploads\/2021\/10\/Sian-Kite-Surf_Watersport-School_Tulum_Mexico_Surf_05_50kb-300x300.jpg 300w, https:\/\/siankite.net\/wp-content\/uploads\/2021\/10\/Sian-Kite-Surf_Watersport-School_Tulum_Mexico_Surf_05_50kb-100x100.jpg 100w, https:\/\/siankite.net\/wp-content\/uploads\/2021\/10\/Sian-Kite-Surf_Watersport-School_Tulum_Mexico_Surf_05_50kb-150x150.jpg 150w\" sizes=\"auto, (max-width: 512px) 100vw, 512px\" \/>\t\t\t\t\t\t\t\t\t<\/div>\n\t\t\t<\/div>\n\t\t\t\t\t\t\t\t<div class=\"qodef-ig-image qodef-item-space \">\n\t\t\t\t<div class=\"qodef-ig-image-inner\">\n\t\t\t\t\t\t\t\t\t\t\t<img loading=\"lazy\" decoding=\"async\" width=\"512\" height=\"384\" src=\"https:\/\/siankite.net\/wp-content\/uploads\/2021\/10\/Sian-Kite-Surf_Watersport-School_Tulum_Mexico_Surf_02_50kb.jpg\" class=\"attachment-full size-full\" alt=\"Siankite-Watersport-School-Tulum-Mexico-Kite-Surf\" srcset=\"https:\/\/siankite.net\/wp-content\/uploads\/2021\/10\/Sian-Kite-Surf_Watersport-School_Tulum_Mexico_Surf_02_50kb.jpg 512w, https:\/\/siankite.net\/wp-content\/uploads\/2021\/10\/Sian-Kite-Surf_Watersport-School_Tulum_Mexico_Surf_02_50kb-300x225.jpg 300w\" sizes=\"auto, (max-width: 512px) 100vw, 512px\" \/>\t\t\t\t\t\t\t\t\t<\/div>\n\t\t\t<\/div>\n\t\t\t<\/div>\n<\/div>[\/vc_column][\/vc_row][vc_row][vc_column][vc_empty_space][\/vc_column][\/vc_row][vc_row][vc_column][vc_empty_space][\/vc_column][\/vc_row][vc_row][vc_column width=\u00bb1\/3&#8243;][vc_separator][\/vc_column][vc_column width=\u00bb1\/3&#8243;][vc_widget_sidebar sidebar_id=\u00bbservice-menu\u00bb][\/vc_column][vc_column width=\u00bb1\/3&#8243;][vc_separator][\/vc_column][\/vc_row][vc_row][vc_column][vc_empty_space][\/vc_column][\/vc_row]<\/p>\n","protected":false},"excerpt":{"rendered":"<p>[vc_row enable_surfer_icon=\u00bbno\u00bb css=\u00bb.vc_custom_1579277130626{padding-top: 16px !important;}\u00bb][vc_column offset=\u00bbvc_col-lg-offset-0 vc_col-lg-6 vc_col-md-offset-0 vc_col-md-12 vc_col-sm-offset-0 vc_col-xs-12&#8243; el_class=\u00bbqodef-map\u00bb][vc_column_text] Sobre la lecci\u00f3n Durante la clase cubrimos todos los aspectos b\u00e1sicos, desde las t\u00e9cnicas hasta el surf etiqueta y seguridad. Todo el mundo tiene diferentes capacidades y objetivos [&hellip;]<\/p>\n","protected":false},"author":1,"featured_media":0,"parent":5809,"menu_order":0,"comment_status":"closed","ping_status":"closed","template":"","meta":{"_coblocks_attr":"","_coblocks_dimensions":"","_coblocks_responsive_height":"","_coblocks_accordion_ie_support":"","footnotes":""},"class_list":["post-5867","page","type-page","status-publish","hentry"],"yoast_head":"<!-- This site is optimized with the Yoast SEO Premium plugin v19.5 (Yoast SEO v27.4) - https:\/\/yoast.com\/product\/yoast-seo-premium-wordpress\/ -->\n<title>Lecciones de Surf en Tulum | Clases para Todos Niveles<\/title>\n<meta name=\"description\" content=\"Aprende surf en Tulum con instructores expertos de Siankite. Clases privadas o grupales para principiantes y avanzados. \u00a1Reserva tu lecci\u00f3n hoy!\" \/>\n<meta name=\"robots\" content=\"index, follow, max-snippet:-1, max-image-preview:large, max-video-preview:-1\" \/>\n<link rel=\"canonical\" href=\"https:\/\/siankite.net\/es\/deportes-acuaticos-escuela-servicios\/lecciones-de-surf\/\" \/>\n<meta property=\"og:locale\" content=\"es_ES\" \/>\n<meta property=\"og:type\" content=\"article\" \/>\n<meta property=\"og:title\" content=\"Clases de surf\" \/>\n<meta property=\"og:description\" content=\"Aprende surf en Tulum con instructores expertos de Siankite. Clases privadas o grupales para principiantes y avanzados. \u00a1Reserva tu lecci\u00f3n hoy!\" \/>\n<meta property=\"og:url\" content=\"https:\/\/siankite.net\/es\/deportes-acuaticos-escuela-servicios\/lecciones-de-surf\/\" \/>\n<meta property=\"og:site_name\" content=\"Sian Kite Watersports - Tulum - M\u00e9xico\" \/>\n<meta property=\"article:publisher\" content=\"https:\/\/www.facebook.com\/SIANKITETULUM\/\" \/>\n<meta property=\"article:modified_time\" content=\"2026-03-18T16:19:26+00:00\" \/>\n<meta property=\"og:image\" content=\"https:\/\/siankite.net\/wp-content\/uploads\/2021\/10\/Sian-Kite-Kite_Watersport-School_Tulum_Mexico_home-__50kb-.png\" \/>\n\t<meta property=\"og:image:width\" content=\"469\" \/>\n\t<meta property=\"og:image:height\" content=\"360\" \/>\n\t<meta property=\"og:image:type\" content=\"image\/png\" \/>\n<meta name=\"twitter:card\" content=\"summary_large_image\" \/>\n<script type=\"application\/ld+json\" class=\"yoast-schema-graph\">{\"@context\":\"https:\\\/\\\/schema.org\",\"@graph\":[{\"@type\":\"WebPage\",\"@id\":\"https:\\\/\\\/siankite.net\\\/es\\\/deportes-acuaticos-escuela-servicios\\\/lecciones-de-surf\\\/\",\"url\":\"https:\\\/\\\/siankite.net\\\/es\\\/deportes-acuaticos-escuela-servicios\\\/lecciones-de-surf\\\/\",\"name\":\"Lecciones de Surf en Tulum | Clases para Todos Niveles\",\"isPartOf\":{\"@id\":\"https:\\\/\\\/siankite.net\\\/es\\\/#website\"},\"datePublished\":\"2020-02-11T15:21:27+00:00\",\"dateModified\":\"2026-03-18T16:19:26+00:00\",\"description\":\"Aprende surf en Tulum con instructores expertos de Siankite. Clases privadas o grupales para principiantes y avanzados. \u00a1Reserva tu lecci\u00f3n hoy!\",\"breadcrumb\":{\"@id\":\"https:\\\/\\\/siankite.net\\\/es\\\/deportes-acuaticos-escuela-servicios\\\/lecciones-de-surf\\\/#breadcrumb\"},\"inLanguage\":\"es\",\"potentialAction\":[{\"@type\":\"ReadAction\",\"target\":[\"https:\\\/\\\/siankite.net\\\/es\\\/deportes-acuaticos-escuela-servicios\\\/lecciones-de-surf\\\/\"]}]},{\"@type\":\"BreadcrumbList\",\"@id\":\"https:\\\/\\\/siankite.net\\\/es\\\/deportes-acuaticos-escuela-servicios\\\/lecciones-de-surf\\\/#breadcrumb\",\"itemListElement\":[{\"@type\":\"ListItem\",\"position\":1,\"name\":\"Siankite\",\"item\":\"https:\\\/\\\/siankite.net\\\/es\\\/surfing-home\\\/\"},{\"@type\":\"ListItem\",\"position\":2,\"name\":\"Escuela de Deportes Acu\u00e1ticos\",\"item\":\"https:\\\/\\\/siankite.net\\\/es\\\/deportes-acuaticos-escuela-servicios\\\/\"},{\"@type\":\"ListItem\",\"position\":3,\"name\":\"Clases de surf\"}]},{\"@type\":\"WebSite\",\"@id\":\"https:\\\/\\\/siankite.net\\\/es\\\/#website\",\"url\":\"https:\\\/\\\/siankite.net\\\/es\\\/\",\"name\":\"Sian Kite Watersports - Tulum - Mexico\",\"description\":\"Escuela de Surf y Kiteboarding\",\"publisher\":{\"@id\":\"https:\\\/\\\/siankite.net\\\/es\\\/#organization\"},\"potentialAction\":[{\"@type\":\"SearchAction\",\"target\":{\"@type\":\"EntryPoint\",\"urlTemplate\":\"https:\\\/\\\/siankite.net\\\/es\\\/?s={search_term_string}\"},\"query-input\":{\"@type\":\"PropertyValueSpecification\",\"valueRequired\":true,\"valueName\":\"search_term_string\"}}],\"inLanguage\":\"es\"},{\"@type\":[\"Organization\",\"Place\",\"SportsActivityLocation\"],\"@id\":\"https:\\\/\\\/siankite.net\\\/es\\\/#organization\",\"name\":\"Siankite Watersport School Tulum - Mexico\",\"url\":\"https:\\\/\\\/siankite.net\\\/es\\\/\",\"logo\":{\"@id\":\"https:\\\/\\\/siankite.net\\\/es\\\/deportes-acuaticos-escuela-servicios\\\/lecciones-de-surf\\\/#local-main-organization-logo\"},\"image\":{\"@id\":\"https:\\\/\\\/siankite.net\\\/es\\\/deportes-acuaticos-escuela-servicios\\\/lecciones-de-surf\\\/#local-main-organization-logo\"},\"sameAs\":[\"https:\\\/\\\/www.facebook.com\\\/SIANKITETULUM\\\/\",\"https:\\\/\\\/www.instagram.com\\\/siankite\\\/\",\"https:\\\/\\\/www.youtube.com\\\/user\\\/siankitetulum\\\/featured\"],\"address\":{\"@id\":\"https:\\\/\\\/siankite.net\\\/es\\\/deportes-acuaticos-escuela-servicios\\\/lecciones-de-surf\\\/#local-main-place-address\"},\"telephone\":[\"+ 52 1 984 185 1151\"],\"openingHoursSpecification\":[{\"@type\":\"OpeningHoursSpecification\",\"dayOfWeek\":[\"Monday\",\"Tuesday\",\"Wednesday\",\"Thursday\",\"Friday\",\"Saturday\",\"Sunday\"],\"opens\":\"09:00\",\"closes\":\"19:00\"}],\"email\":\"booking@siankite.net\",\"priceRange\":\"$$\"},{\"@type\":\"PostalAddress\",\"@id\":\"https:\\\/\\\/siankite.net\\\/es\\\/deportes-acuaticos-escuela-servicios\\\/lecciones-de-surf\\\/#local-main-place-address\",\"streetAddress\":\"Carr. Tulum-Boca Paila Km 4.5, Tulum Beach, Zona Costera\",\"addressLocality\":\"Tulum\",\"postalCode\":\"77780\",\"addressRegion\":\"Quintana Roo\",\"addressCountry\":\"MX\"},{\"@type\":\"ImageObject\",\"inLanguage\":\"es\",\"@id\":\"https:\\\/\\\/siankite.net\\\/es\\\/deportes-acuaticos-escuela-servicios\\\/lecciones-de-surf\\\/#local-main-organization-logo\",\"url\":\"https:\\\/\\\/siankite.net\\\/wp-content\\\/uploads\\\/2021\\\/11\\\/Sian-Kite-Tulum-Mexico-Kite-Logo_black_trans_512.png\",\"contentUrl\":\"https:\\\/\\\/siankite.net\\\/wp-content\\\/uploads\\\/2021\\\/11\\\/Sian-Kite-Tulum-Mexico-Kite-Logo_black_trans_512.png\",\"width\":512,\"height\":512,\"caption\":\"Siankite Watersport School Tulum - Mexico\"}]}<\/script>\n<meta name=\"geo.placename\" content=\"Tulum\" \/>\n<meta name=\"geo.region\" content=\"M\u00e9jico\" \/>\n<!-- \/ Yoast SEO Premium plugin. -->","yoast_head_json":{"title":"Lecciones de Surf en Tulum | Clases para Todos Niveles","description":"Aprende surf en Tulum con instructores expertos de Siankite. Clases privadas o grupales para principiantes y avanzados. \u00a1Reserva tu lecci\u00f3n hoy!","robots":{"index":"index","follow":"follow","max-snippet":"max-snippet:-1","max-image-preview":"max-image-preview:large","max-video-preview":"max-video-preview:-1"},"canonical":"https:\/\/siankite.net\/es\/deportes-acuaticos-escuela-servicios\/lecciones-de-surf\/","og_locale":"es_ES","og_type":"article","og_title":"Clases de surf","og_description":"Aprende surf en Tulum con instructores expertos de Siankite. Clases privadas o grupales para principiantes y avanzados. \u00a1Reserva tu lecci\u00f3n hoy!","og_url":"https:\/\/siankite.net\/es\/deportes-acuaticos-escuela-servicios\/lecciones-de-surf\/","og_site_name":"Sian Kite Watersports - Tulum - M\u00e9xico","article_publisher":"https:\/\/www.facebook.com\/SIANKITETULUM\/","article_modified_time":"2026-03-18T16:19:26+00:00","og_image":[{"width":469,"height":360,"url":"https:\/\/siankite.net\/wp-content\/uploads\/2021\/10\/Sian-Kite-Kite_Watersport-School_Tulum_Mexico_home-__50kb-.png","type":"image\/png"}],"twitter_card":"summary_large_image","schema":{"@context":"https:\/\/schema.org","@graph":[{"@type":"WebPage","@id":"https:\/\/siankite.net\/es\/deportes-acuaticos-escuela-servicios\/lecciones-de-surf\/","url":"https:\/\/siankite.net\/es\/deportes-acuaticos-escuela-servicios\/lecciones-de-surf\/","name":"Lecciones de Surf en Tulum | Clases para Todos Niveles","isPartOf":{"@id":"https:\/\/siankite.net\/es\/#website"},"datePublished":"2020-02-11T15:21:27+00:00","dateModified":"2026-03-18T16:19:26+00:00","description":"Aprende surf en Tulum con instructores expertos de Siankite. Clases privadas o grupales para principiantes y avanzados. \u00a1Reserva tu lecci\u00f3n hoy!","breadcrumb":{"@id":"https:\/\/siankite.net\/es\/deportes-acuaticos-escuela-servicios\/lecciones-de-surf\/#breadcrumb"},"inLanguage":"es","potentialAction":[{"@type":"ReadAction","target":["https:\/\/siankite.net\/es\/deportes-acuaticos-escuela-servicios\/lecciones-de-surf\/"]}]},{"@type":"BreadcrumbList","@id":"https:\/\/siankite.net\/es\/deportes-acuaticos-escuela-servicios\/lecciones-de-surf\/#breadcrumb","itemListElement":[{"@type":"ListItem","position":1,"name":"Siankite","item":"https:\/\/siankite.net\/es\/surfing-home\/"},{"@type":"ListItem","position":2,"name":"Escuela de Deportes Acu\u00e1ticos","item":"https:\/\/siankite.net\/es\/deportes-acuaticos-escuela-servicios\/"},{"@type":"ListItem","position":3,"name":"Clases de surf"}]},{"@type":"WebSite","@id":"https:\/\/siankite.net\/es\/#website","url":"https:\/\/siankite.net\/es\/","name":"Sian Kite Watersports - Tulum - Mexico","description":"Escuela de Surf y Kiteboarding","publisher":{"@id":"https:\/\/siankite.net\/es\/#organization"},"potentialAction":[{"@type":"SearchAction","target":{"@type":"EntryPoint","urlTemplate":"https:\/\/siankite.net\/es\/?s={search_term_string}"},"query-input":{"@type":"PropertyValueSpecification","valueRequired":true,"valueName":"search_term_string"}}],"inLanguage":"es"},{"@type":["Organization","Place","SportsActivityLocation"],"@id":"https:\/\/siankite.net\/es\/#organization","name":"Siankite Watersport School Tulum - Mexico","url":"https:\/\/siankite.net\/es\/","logo":{"@id":"https:\/\/siankite.net\/es\/deportes-acuaticos-escuela-servicios\/lecciones-de-surf\/#local-main-organization-logo"},"image":{"@id":"https:\/\/siankite.net\/es\/deportes-acuaticos-escuela-servicios\/lecciones-de-surf\/#local-main-organization-logo"},"sameAs":["https:\/\/www.facebook.com\/SIANKITETULUM\/","https:\/\/www.instagram.com\/siankite\/","https:\/\/www.youtube.com\/user\/siankitetulum\/featured"],"address":{"@id":"https:\/\/siankite.net\/es\/deportes-acuaticos-escuela-servicios\/lecciones-de-surf\/#local-main-place-address"},"telephone":["+ 52 1 984 185 1151","+ 52 1 984 185 1151"],"openingHoursSpecification":[{"@type":"OpeningHoursSpecification","dayOfWeek":["Monday","Tuesday","Wednesday","Thursday","Friday","Saturday","Sunday"],"opens":"09:00","closes":"19:00"}],"email":"booking@siankite.net","priceRange":"$$"},{"@type":"PostalAddress","@id":"https:\/\/siankite.net\/es\/deportes-acuaticos-escuela-servicios\/lecciones-de-surf\/#local-main-place-address","streetAddress":"Carr. Tulum-Boca Paila Km 4.5, Tulum Beach, Zona Costera","addressLocality":"Tulum","postalCode":"77780","addressRegion":"Quintana Roo","addressCountry":"MX"},{"@type":"ImageObject","inLanguage":"es","@id":"https:\/\/siankite.net\/es\/deportes-acuaticos-escuela-servicios\/lecciones-de-surf\/#local-main-organization-logo","url":"https:\/\/siankite.net\/wp-content\/uploads\/2021\/11\/Sian-Kite-Tulum-Mexico-Kite-Logo_black_trans_512.png","contentUrl":"https:\/\/siankite.net\/wp-content\/uploads\/2021\/11\/Sian-Kite-Tulum-Mexico-Kite-Logo_black_trans_512.png","width":512,"height":512,"caption":"Siankite Watersport School Tulum - Mexico"}]},"geo.placename":"Tulum","geo.region":"M\u00e9jico"},"_links":{"self":[{"href":"https:\/\/siankite.net\/es\/wp-json\/wp\/v2\/pages\/5867","targetHints":{"allow":["GET"]}}],"collection":[{"href":"https:\/\/siankite.net\/es\/wp-json\/wp\/v2\/pages"}],"about":[{"href":"https:\/\/siankite.net\/es\/wp-json\/wp\/v2\/types\/page"}],"author":[{"embeddable":true,"href":"https:\/\/siankite.net\/es\/wp-json\/wp\/v2\/users\/1"}],"replies":[{"embeddable":true,"href":"https:\/\/siankite.net\/es\/wp-json\/wp\/v2\/comments?post=5867"}],"version-history":[{"count":2,"href":"https:\/\/siankite.net\/es\/wp-json\/wp\/v2\/pages\/5867\/revisions"}],"predecessor-version":[{"id":5869,"href":"https:\/\/siankite.net\/es\/wp-json\/wp\/v2\/pages\/5867\/revisions\/5869"}],"up":[{"embeddable":true,"href":"https:\/\/siankite.net\/es\/wp-json\/wp\/v2\/pages\/5809"}],"wp:attachment":[{"href":"https:\/\/siankite.net\/es\/wp-json\/wp\/v2\/media?parent=5867"}],"curies":[{"name":"wp","href":"https:\/\/api.w.org\/{rel}","templated":true}]}}