{"id":5983,"date":"2020-01-31T13:43:07","date_gmt":"2020-01-31T18:43:07","guid":{"rendered":"https:\/\/siankite.net\/contacto-nos\/"},"modified":"2026-03-18T11:28:29","modified_gmt":"2026-03-18T16:28:29","slug":"contacto-nos","status":"publish","type":"page","link":"https:\/\/siankite.net\/es\/contacto-nos\/","title":{"rendered":"Contacta con nosotros"},"content":{"rendered":"<p>[vc_row equal_height=\u00bbyes\u00bb content_placement=\u00bbtop\u00bb row_content_width=\u00bbgrid\u00bb disable_background_image=\u00bb1024&#8243; enable_surfer_icon=\u00bbno\u00bb css=\u00bb.vc_custom_1636299944560{padding-top: 130px !important;padding-bottom: 160px !important;}\u00bb simple_background_image=\u00bb1085&#8243; background_image_position=\u00bbcenter top\u00bb][vc_column offset=\u00bbvc_col-lg-6&#8243;]<div class=\"qodef-elements-holder   qodef-one-column  qodef-responsive-mode-768 \" ><div class=\"qodef-eh-item    \"  data-item-class=\"qodef-eh-custom-9030\" data-769-1024=\"0 0\" data-681-768=\"0 0\" data-680=\"0 0\">\n\t<div class=\"qodef-eh-item-inner\">\n\t\t<div class=\"qodef-eh-item-content qodef-eh-custom-9030\" style=\"padding: 0 16.5% 0 0\">\n\t\t\t[vc_empty_space][vc_single_image image=\u00bb3018&#8243; img_size=\u00bbfull\u00bb]\t\t<\/div>\n\t<\/div>\n<\/div><\/div>[\/vc_column][vc_column offset=\u00bbvc_col-lg-6&#8243;]<div class=\"qodef-elements-holder   qodef-one-column  qodef-responsive-mode-768 \" ><div class=\"qodef-eh-item    \"  data-item-class=\"qodef-eh-custom-7177\" data-1400-1600=\"139px 5px 0 0\" data-1025-1399=\"84px 0 0\" data-769-1024=\"75px 0 0\" data-681-768=\"75px 0 0\" data-680=\"77px 0 0\">\n\t<div class=\"qodef-eh-item-inner\">\n\t\t<div class=\"qodef-eh-item-content qodef-eh-custom-7177\" style=\"padding: 155px 5px 0 0\">\n\t\t\t<div class=\"qodef-section-title-holder  \" >\n\t<div class=\"qodef-st-inner\">\n                    <span class=\"qodef-st-background-text\" style=\"text-align: left\"><\/span>\n        \t\t\t\t\t<h1 class=\"qodef-st-title\" >\n\t\t\t\tSIENTETE LIBRE\t\t\t<\/h1>\n\t\t                        <span class=\"qodef-st-caption\" style=\"margin: 15px 0 0\">Estamos aqu\u00ed para ayudarte, no dudes en llamarnos o enviarnos un mensaje.<\/span>\n        \t\t\t\t\t<\/div>\n<\/div>[vc_empty_space][vc_widget_sidebar sidebar_id=\u00bbcontaact-form\u00bb][vc_empty_space height=\u00bb31px\u00bb][vc_widget_sidebar sidebar_id=\u00bbbooking-widget\u00bb][vc_empty_space height=\u00bb31px\u00bb][vc_empty_space]\t\t<\/div>\n\t<\/div>\n<\/div><\/div>[\/vc_column][\/vc_row][vc_row][vc_column][vc_empty_space][\/vc_column][\/vc_row][vc_row row_content_width=\u00bbgrid\u00bb][vc_column width=\u00bb1\/2&#8243;][vc_column_text]<\/p>\n<div id=\"wpseo_location-\" class=\"wpseo-location\"><h3><span class=\"wpseo-business-name\">Siankite Watersport School Tulum - Mexico<\/span><\/h3><div class=\"wpseo-address-wrapper\"><div class=\"street-address\">Carr. Tulum-Boca Paila Km 4.5<br>Tulum Beach, Zona Costera, <\/div><span class=\"locality\"> Tulum<\/span>, <span  class=\"region\">Quintana Roo<\/span> <span class=\"postal-code\">77780<\/span> <div  class=\"country-name\">M\u00e9jico<\/div><\/div><span class=\"wpseo-phone\">Tel\u00e9fono: <a href=\"tel:+5219841851151\" class=\"tel\"><span>+ 52 1 984 185 1151<\/span><\/a><\/span><br\/><span class=\"wpseo-email\">Correo electr\u00f3nico: <a href=\"mailto:&#098;&#111;oking&#064;si&#097;&#110;k&#105;t&#101;&#046;net\">&#98;&#111;&#111;ki&#110;&#103;&#64;&#115;&#105;a&#110;k&#105;te&#46;&#110;e&#116;<\/a><\/span><br\/><\/div>\n<p>[\/vc_column_text][\/vc_column][vc_column width=\u00bb1\/2&#8243;][vc_column_text]<div class=\"wpseo-opening-hours-wrapper\"><table class=\"wpseo-opening-hours\" id =\"wpseo-opening-hours-\"><tr><td class=\"day\">Lunes<\/td><td class=\"time\"><span>9:00 AM - 7:00 PM<\/span><\/td><\/tr><tr><td class=\"day\">Martes<\/td><td class=\"time\"><span>9:00 AM - 7:00 PM<\/span><\/td><\/tr><tr><td class=\"day\">Mi\u00e9rcoles<\/td><td class=\"time\"><span>9:00 AM - 7:00 PM<\/span><\/td><\/tr><tr><td class=\"day\">Jueves<\/td><td class=\"time\"><span>9:00 AM - 7:00 PM<\/span><\/td><\/tr><tr><td class=\"day\">Viernes<\/td><td class=\"time\"><span>9:00 AM - 7:00 PM<\/span><\/td><\/tr><tr><td class=\"day\">S\u00e1bado<\/td><td class=\"time\"><span>9:00 AM - 7:00 PM<\/span><\/td><\/tr><tr><td class=\"day\">Domingo<\/td><td class=\"time\"><span>9:00 AM - 7:00 PM<\/span><\/td><\/tr><\/table><\/div>\n<p>[\/vc_column_text][\/vc_column][\/vc_row][vc_row][vc_column][vc_empty_space][\/vc_column][\/vc_row][vc_row][vc_column][vc_empty_space][\/vc_column][\/vc_row]<\/p>\n","protected":false},"excerpt":{"rendered":"<p>[vc_row equal_height=\u00bbyes\u00bb content_placement=\u00bbtop\u00bb row_content_width=\u00bbgrid\u00bb disable_background_image=\u00bb1024&#8243; enable_surfer_icon=\u00bbno\u00bb css=\u00bb.vc_custom_1636299944560{padding-top: 130px !important;padding-bottom: 160px !important;}\u00bb simple_background_image=\u00bb1085&#8243; background_image_position=\u00bbcenter top\u00bb][vc_column offset=\u00bbvc_col-lg-6&#8243;][\/vc_column][vc_column offset=\u00bbvc_col-lg-6&#8243;][\/vc_column][\/vc_row][vc_row][vc_column][vc_empty_space][\/vc_column][\/vc_row][vc_row row_content_width=\u00bbgrid\u00bb][vc_column width=\u00bb1\/2&#8243;][vc_column_text] [\/vc_column_text][\/vc_column][vc_column width=\u00bb1\/2&#8243;][vc_column_text] [\/vc_column_text][\/vc_column][\/vc_row][vc_row][vc_column][vc_empty_space][\/vc_column][\/vc_row][vc_row][vc_column][vc_empty_space][\/vc_column][\/vc_row]<\/p>\n","protected":false},"author":1,"featured_media":0,"parent":0,"menu_order":0,"comment_status":"closed","ping_status":"closed","template":"full-width.php","meta":{"_coblocks_attr":"","_coblocks_dimensions":"","_coblocks_responsive_height":"","_coblocks_accordion_ie_support":"","footnotes":""},"class_list":["post-5983","page","type-page","status-publish","hentry"],"yoast_head":"<!-- This site is optimized with the Yoast SEO Premium plugin v19.5 (Yoast SEO v27.4) - https:\/\/yoast.com\/product\/yoast-seo-premium-wordpress\/ -->\n<title>Contacto Siankite Tulum | Escuela Kitesurf M\u00e9xico<\/title>\n<meta name=\"description\" content=\"Contacta con Siankite en Tulum para cursos de kitesurf, reservas o preguntas. Escr\u00edbenos o ll\u00e1manos y planifica tu aventura acu\u00e1tica en M\u00e9xico.\" \/>\n<meta name=\"robots\" content=\"index, follow, max-snippet:-1, max-image-preview:large, max-video-preview:-1\" \/>\n<link rel=\"canonical\" href=\"https:\/\/siankite.net\/es\/contacto-nos\/\" \/>\n<meta property=\"og:locale\" content=\"es_ES\" \/>\n<meta property=\"og:type\" content=\"article\" \/>\n<meta property=\"og:title\" content=\"Contacta con nosotros\" \/>\n<meta property=\"og:description\" content=\"Contacta con Siankite en Tulum para cursos de kitesurf, reservas o preguntas. Escr\u00edbenos o ll\u00e1manos y planifica tu aventura acu\u00e1tica en M\u00e9xico.\" \/>\n<meta property=\"og:url\" content=\"https:\/\/siankite.net\/es\/contacto-nos\/\" \/>\n<meta property=\"og:site_name\" content=\"Sian Kite Watersports - Tulum - M\u00e9xico\" \/>\n<meta property=\"article:publisher\" content=\"https:\/\/www.facebook.com\/SIANKITETULUM\/\" \/>\n<meta property=\"article:modified_time\" content=\"2026-03-18T16:28:29+00:00\" \/>\n<meta property=\"og:image\" content=\"https:\/\/siankite.net\/wp-content\/uploads\/2021\/10\/Sian-Kite-Kite_Watersport-School_Tulum_Mexico_home-__50kb-.png\" \/>\n\t<meta property=\"og:image:width\" content=\"469\" \/>\n\t<meta property=\"og:image:height\" content=\"360\" \/>\n\t<meta property=\"og:image:type\" content=\"image\/png\" \/>\n<meta name=\"twitter:card\" content=\"summary_large_image\" \/>\n<script type=\"application\/ld+json\" class=\"yoast-schema-graph\">{\"@context\":\"https:\\\/\\\/schema.org\",\"@graph\":[{\"@type\":\"WebPage\",\"@id\":\"https:\\\/\\\/siankite.net\\\/es\\\/contacto-nos\\\/\",\"url\":\"https:\\\/\\\/siankite.net\\\/es\\\/contacto-nos\\\/\",\"name\":\"Contacto Siankite Tulum | Escuela Kitesurf M\u00e9xico\",\"isPartOf\":{\"@id\":\"https:\\\/\\\/siankite.net\\\/es\\\/#website\"},\"datePublished\":\"2020-01-31T18:43:07+00:00\",\"dateModified\":\"2026-03-18T16:28:29+00:00\",\"description\":\"Contacta con Siankite en Tulum para cursos de kitesurf, reservas o preguntas. Escr\u00edbenos o ll\u00e1manos y planifica tu aventura acu\u00e1tica en M\u00e9xico.\",\"breadcrumb\":{\"@id\":\"https:\\\/\\\/siankite.net\\\/es\\\/contacto-nos\\\/#breadcrumb\"},\"inLanguage\":\"es\",\"potentialAction\":[{\"@type\":\"ReadAction\",\"target\":[\"https:\\\/\\\/siankite.net\\\/es\\\/contacto-nos\\\/\"]}]},{\"@type\":\"BreadcrumbList\",\"@id\":\"https:\\\/\\\/siankite.net\\\/es\\\/contacto-nos\\\/#breadcrumb\",\"itemListElement\":[{\"@type\":\"ListItem\",\"position\":1,\"name\":\"Siankite\",\"item\":\"https:\\\/\\\/siankite.net\\\/es\\\/surfing-home\\\/\"},{\"@type\":\"ListItem\",\"position\":2,\"name\":\"Contacta con nosotros\"}]},{\"@type\":\"WebSite\",\"@id\":\"https:\\\/\\\/siankite.net\\\/es\\\/#website\",\"url\":\"https:\\\/\\\/siankite.net\\\/es\\\/\",\"name\":\"Sian Kite Watersports - Tulum - Mexico\",\"description\":\"Escuela de Surf y Kiteboarding\",\"publisher\":{\"@id\":\"https:\\\/\\\/siankite.net\\\/es\\\/#organization\"},\"potentialAction\":[{\"@type\":\"SearchAction\",\"target\":{\"@type\":\"EntryPoint\",\"urlTemplate\":\"https:\\\/\\\/siankite.net\\\/es\\\/?s={search_term_string}\"},\"query-input\":{\"@type\":\"PropertyValueSpecification\",\"valueRequired\":true,\"valueName\":\"search_term_string\"}}],\"inLanguage\":\"es\"},{\"@type\":[\"Organization\",\"Place\",\"SportsActivityLocation\"],\"@id\":\"https:\\\/\\\/siankite.net\\\/es\\\/#organization\",\"name\":\"Siankite Watersport School Tulum - Mexico\",\"url\":\"https:\\\/\\\/siankite.net\\\/es\\\/\",\"logo\":{\"@id\":\"https:\\\/\\\/siankite.net\\\/es\\\/contacto-nos\\\/#local-main-organization-logo\"},\"image\":{\"@id\":\"https:\\\/\\\/siankite.net\\\/es\\\/contacto-nos\\\/#local-main-organization-logo\"},\"sameAs\":[\"https:\\\/\\\/www.facebook.com\\\/SIANKITETULUM\\\/\",\"https:\\\/\\\/www.instagram.com\\\/siankite\\\/\",\"https:\\\/\\\/www.youtube.com\\\/user\\\/siankitetulum\\\/featured\"],\"address\":{\"@id\":\"https:\\\/\\\/siankite.net\\\/es\\\/contacto-nos\\\/#local-main-place-address\"},\"telephone\":[\"+ 52 1 984 185 1151\"],\"openingHoursSpecification\":[{\"@type\":\"OpeningHoursSpecification\",\"dayOfWeek\":[\"Monday\",\"Tuesday\",\"Wednesday\",\"Thursday\",\"Friday\",\"Saturday\",\"Sunday\"],\"opens\":\"09:00\",\"closes\":\"19:00\"}],\"email\":\"booking@siankite.net\",\"priceRange\":\"$$\"},{\"@type\":\"PostalAddress\",\"@id\":\"https:\\\/\\\/siankite.net\\\/es\\\/contacto-nos\\\/#local-main-place-address\",\"streetAddress\":\"Carr. Tulum-Boca Paila Km 4.5, Tulum Beach, Zona Costera\",\"addressLocality\":\"Tulum\",\"postalCode\":\"77780\",\"addressRegion\":\"Quintana Roo\",\"addressCountry\":\"MX\"},{\"@type\":\"ImageObject\",\"inLanguage\":\"es\",\"@id\":\"https:\\\/\\\/siankite.net\\\/es\\\/contacto-nos\\\/#local-main-organization-logo\",\"url\":\"https:\\\/\\\/siankite.net\\\/wp-content\\\/uploads\\\/2021\\\/11\\\/Sian-Kite-Tulum-Mexico-Kite-Logo_black_trans_512.png\",\"contentUrl\":\"https:\\\/\\\/siankite.net\\\/wp-content\\\/uploads\\\/2021\\\/11\\\/Sian-Kite-Tulum-Mexico-Kite-Logo_black_trans_512.png\",\"width\":512,\"height\":512,\"caption\":\"Siankite Watersport School Tulum - Mexico\"}]}<\/script>\n<meta name=\"geo.placename\" content=\"Tulum\" \/>\n<meta name=\"geo.region\" content=\"M\u00e9jico\" \/>\n<!-- \/ Yoast SEO Premium plugin. -->","yoast_head_json":{"title":"Contacto Siankite Tulum | Escuela Kitesurf M\u00e9xico","description":"Contacta con Siankite en Tulum para cursos de kitesurf, reservas o preguntas. Escr\u00edbenos o ll\u00e1manos y planifica tu aventura acu\u00e1tica en M\u00e9xico.","robots":{"index":"index","follow":"follow","max-snippet":"max-snippet:-1","max-image-preview":"max-image-preview:large","max-video-preview":"max-video-preview:-1"},"canonical":"https:\/\/siankite.net\/es\/contacto-nos\/","og_locale":"es_ES","og_type":"article","og_title":"Contacta con nosotros","og_description":"Contacta con Siankite en Tulum para cursos de kitesurf, reservas o preguntas. Escr\u00edbenos o ll\u00e1manos y planifica tu aventura acu\u00e1tica en M\u00e9xico.","og_url":"https:\/\/siankite.net\/es\/contacto-nos\/","og_site_name":"Sian Kite Watersports - Tulum - M\u00e9xico","article_publisher":"https:\/\/www.facebook.com\/SIANKITETULUM\/","article_modified_time":"2026-03-18T16:28:29+00:00","og_image":[{"width":469,"height":360,"url":"https:\/\/siankite.net\/wp-content\/uploads\/2021\/10\/Sian-Kite-Kite_Watersport-School_Tulum_Mexico_home-__50kb-.png","type":"image\/png"}],"twitter_card":"summary_large_image","schema":{"@context":"https:\/\/schema.org","@graph":[{"@type":"WebPage","@id":"https:\/\/siankite.net\/es\/contacto-nos\/","url":"https:\/\/siankite.net\/es\/contacto-nos\/","name":"Contacto Siankite Tulum | Escuela Kitesurf M\u00e9xico","isPartOf":{"@id":"https:\/\/siankite.net\/es\/#website"},"datePublished":"2020-01-31T18:43:07+00:00","dateModified":"2026-03-18T16:28:29+00:00","description":"Contacta con Siankite en Tulum para cursos de kitesurf, reservas o preguntas. Escr\u00edbenos o ll\u00e1manos y planifica tu aventura acu\u00e1tica en M\u00e9xico.","breadcrumb":{"@id":"https:\/\/siankite.net\/es\/contacto-nos\/#breadcrumb"},"inLanguage":"es","potentialAction":[{"@type":"ReadAction","target":["https:\/\/siankite.net\/es\/contacto-nos\/"]}]},{"@type":"BreadcrumbList","@id":"https:\/\/siankite.net\/es\/contacto-nos\/#breadcrumb","itemListElement":[{"@type":"ListItem","position":1,"name":"Siankite","item":"https:\/\/siankite.net\/es\/surfing-home\/"},{"@type":"ListItem","position":2,"name":"Contacta con nosotros"}]},{"@type":"WebSite","@id":"https:\/\/siankite.net\/es\/#website","url":"https:\/\/siankite.net\/es\/","name":"Sian Kite Watersports - Tulum - Mexico","description":"Escuela de Surf y Kiteboarding","publisher":{"@id":"https:\/\/siankite.net\/es\/#organization"},"potentialAction":[{"@type":"SearchAction","target":{"@type":"EntryPoint","urlTemplate":"https:\/\/siankite.net\/es\/?s={search_term_string}"},"query-input":{"@type":"PropertyValueSpecification","valueRequired":true,"valueName":"search_term_string"}}],"inLanguage":"es"},{"@type":["Organization","Place","SportsActivityLocation"],"@id":"https:\/\/siankite.net\/es\/#organization","name":"Siankite Watersport School Tulum - Mexico","url":"https:\/\/siankite.net\/es\/","logo":{"@id":"https:\/\/siankite.net\/es\/contacto-nos\/#local-main-organization-logo"},"image":{"@id":"https:\/\/siankite.net\/es\/contacto-nos\/#local-main-organization-logo"},"sameAs":["https:\/\/www.facebook.com\/SIANKITETULUM\/","https:\/\/www.instagram.com\/siankite\/","https:\/\/www.youtube.com\/user\/siankitetulum\/featured"],"address":{"@id":"https:\/\/siankite.net\/es\/contacto-nos\/#local-main-place-address"},"telephone":["+ 52 1 984 185 1151","+ 52 1 984 185 1151"],"openingHoursSpecification":[{"@type":"OpeningHoursSpecification","dayOfWeek":["Monday","Tuesday","Wednesday","Thursday","Friday","Saturday","Sunday"],"opens":"09:00","closes":"19:00"}],"email":"booking@siankite.net","priceRange":"$$"},{"@type":"PostalAddress","@id":"https:\/\/siankite.net\/es\/contacto-nos\/#local-main-place-address","streetAddress":"Carr. Tulum-Boca Paila Km 4.5, Tulum Beach, Zona Costera","addressLocality":"Tulum","postalCode":"77780","addressRegion":"Quintana Roo","addressCountry":"MX"},{"@type":"ImageObject","inLanguage":"es","@id":"https:\/\/siankite.net\/es\/contacto-nos\/#local-main-organization-logo","url":"https:\/\/siankite.net\/wp-content\/uploads\/2021\/11\/Sian-Kite-Tulum-Mexico-Kite-Logo_black_trans_512.png","contentUrl":"https:\/\/siankite.net\/wp-content\/uploads\/2021\/11\/Sian-Kite-Tulum-Mexico-Kite-Logo_black_trans_512.png","width":512,"height":512,"caption":"Siankite Watersport School Tulum - Mexico"}]},"geo.placename":"Tulum","geo.region":"M\u00e9jico"},"_links":{"self":[{"href":"https:\/\/siankite.net\/es\/wp-json\/wp\/v2\/pages\/5983","targetHints":{"allow":["GET"]}}],"collection":[{"href":"https:\/\/siankite.net\/es\/wp-json\/wp\/v2\/pages"}],"about":[{"href":"https:\/\/siankite.net\/es\/wp-json\/wp\/v2\/types\/page"}],"author":[{"embeddable":true,"href":"https:\/\/siankite.net\/es\/wp-json\/wp\/v2\/users\/1"}],"replies":[{"embeddable":true,"href":"https:\/\/siankite.net\/es\/wp-json\/wp\/v2\/comments?post=5983"}],"version-history":[{"count":3,"href":"https:\/\/siankite.net\/es\/wp-json\/wp\/v2\/pages\/5983\/revisions"}],"predecessor-version":[{"id":6033,"href":"https:\/\/siankite.net\/es\/wp-json\/wp\/v2\/pages\/5983\/revisions\/6033"}],"wp:attachment":[{"href":"https:\/\/siankite.net\/es\/wp-json\/wp\/v2\/media?parent=5983"}],"curies":[{"name":"wp","href":"https:\/\/api.w.org\/{rel}","templated":true}]}}