{"id":5828,"date":"2020-02-11T10:26:38","date_gmt":"2020-02-11T15:26:38","guid":{"rendered":"https:\/\/siankite.net\/sports-nautiques-ecoles-services\/kite-lesson-packages\/"},"modified":"2026-03-18T11:03:48","modified_gmt":"2026-03-18T16:03:48","slug":"kite-lesson-packages","status":"publish","type":"page","link":"https:\/\/siankite.net\/fr\/sports-nautiques-ecoles-services\/kite-lesson-packages\/","title":{"rendered":"Packs de le\u00e7ons de kite"},"content":{"rendered":"<p>[vc_row enable_surfer_icon=\u00a0\u00bbno\u00a0\u00bb][vc_column width=\u00a0\u00bb1\/2&Prime;][vc_column_text]<\/p>\n<h4><span style=\"font-weight: bold;\">\u00c0 PROPOS DES PAQUETS<\/span><\/h4>\n<p><strong>PACKAGE 1<\/strong><\/p>\n<p>Cours d&rsquo;un jour &#8211; Cours de kite 3 heures<br \/>\n&#8211; Apprends les bases<br \/>\n&#8211; Apprends \u00e0 ton rythme<br \/>\n&#8211; pour le spontan\u00e9<\/p>\n<p>*Packages de groupe disponibles pour les 3 premi\u00e8res heures, max 3 personnes.<\/p>\n<p><strong>PACKAGE 2<\/strong><\/p>\n<p>Cours de 2 jours &#8211; Cours de kite 6 hrs<br \/>\n&#8211; entre dans l&rsquo;eau<br \/>\n&#8211; Apprends \u00e0 naviguer<br \/>\n&#8211; pr\u00e9pare pour le d\u00e9part de l&rsquo;eau<\/p>\n<p><strong>PACKAGE 3<\/strong><\/p>\n<p>Cours de 3 jours &#8211; Cours de kite 9 hrs<br \/>\n&#8211; Cours complet<br \/>\n&#8211; monte sur le Board &amp; et apprends \u00e0 monter \u00e0 cheval<\/p>\n<p><strong>PACKAGE 4<\/strong><\/p>\n<p>Cours de 5 jours Le\u00e7ons de kite 12 h<br \/>\n&#8211; Libert\u00e9 ultime<br \/>\n&#8211; cours de ma\u00eetrise<br \/>\n&#8211; devenir 100 % ind\u00e9pendante<\/p>\n<p>&nbsp;<\/p>\n<p>N&rsquo;H\u00c9SITE PAS \u00c0 DEMANDER QUOI QUE CE SOIT POUR TROUVER LE BON PAQUET POUR TOI.[\/vc_column_text][\/vc_column][vc_column width=\u00a0\u00bb1\/2&Prime;][vc_single_image image=\u00a0\u00bb2997&Prime; img_size=\u00a0\u00bbfull\u00a0\u00bb][\/vc_column][\/vc_row][vc_row content_text_aligment=\u00a0\u00bbleft\u00a0\u00bb enable_surfer_icon=\u00a0\u00bbno\u00a0\u00bb css=\u00a0\u00bb.vc_custom_1582543773844{padding-top: 14px !important;}\u00a0\u00bb][vc_column][vc_empty_space][\/vc_column][\/vc_row][vc_row enable_surfer_icon=\u00a0\u00bbno\u00a0\u00bb css=\u00a0\u00bb.vc_custom_1579769032153{padding-top: 61px !important;}\u00a0\u00bb][vc_column offset=\u00a0\u00bbvc_col-lg-offset-0 vc_col-lg-6 vc_col-md-offset-0 vc_col-md-12 vc_col-sm-offset-0 vc_col-xs-12&Prime; el_class=\u00a0\u00bbqodef-map\u00a0\u00bb][vc_column_text]<\/p>\n<h4><span style=\"font-weight: bold;\">paquets de le\u00e7ons de kite<\/span><\/h4>\n<p>[\/vc_column_text][vc_empty_space height=\u00a0\u00bb19px\u00a0\u00bb]<div class=\"qodef-elements-holder   qodef-one-column  qodef-responsive-mode-768 \" ><div class=\"qodef-eh-item    \" style=\"background-image: url(https:\/\/siankite.net\/wp-content\/uploads\/2021\/11\/Sian-Kite-Kite_Watersport-School_Tulum_Mexico_Kite_Lesson_Girls-e1635886934541.jpg)\" data-item-class=\"qodef-eh-custom-5632\" data-1400-1600=\"135px 10px 191px 0px\" data-1025-1399=\"131px 10px 195px 0px\" data-769-1024=\"212px 0px 265px 0\" data-681-768=\"212px 0px 265px 0\" data-680=\"76px 0px 135px 0px\">\n\t<div class=\"qodef-eh-item-inner\">\n\t\t<div class=\"qodef-eh-item-content qodef-eh-custom-5632\" style=\"padding: 133px 10px 193px 0px\">\n\t\t\t\t\t<\/div>\n\t<\/div>\n<\/div><\/div>[\/vc_column][vc_column css=\u00a0\u00bb.vc_custom_1550505500194{margin-left: -15px !important;padding-left: 0px !important;}\u00a0\u00bb offset=\u00a0\u00bbvc_col-lg-offset-0 vc_col-lg-6 vc_col-md-offset-0 vc_col-md-12 vc_col-sm-offset-0&Prime;]<div class=\"qodef-elements-holder   qodef-one-column  qodef-responsive-mode-768 \" ><div class=\"qodef-eh-item    \"  data-item-class=\"qodef-eh-custom-2694\" data-769-1024=\"18px 0px 17px 31px\" data-681-768=\"21px 0px 17px 33px\" data-680=\"9px 0px 17px 30px\">\n\t<div class=\"qodef-eh-item-inner\">\n\t\t<div class=\"qodef-eh-item-content qodef-eh-custom-2694\" style=\"padding: 0 0 0 5%\">\n\t\t\t[vc_column_text css=\u00a0\u00bb.vc_custom_1634409358449{margin-top: 0px !important;}\u00a0\u00bb]<\/p>\n<h4><span style=\"font-weight: bold;\">Prix des cerfs-volants<\/span><\/h4>\n<p>[\/vc_column_text][vc_empty_space height=\u00a0\u00bb5px\u00a0\u00bb][vc_column_text css=\u00a0\u00bb.vc_custom_1635893209707{padding-top: 3px !important;}\u00a0\u00bb][\/vc_column_text][vc_empty_space height=\u00a0\u00bb5px\u00a0\u00bb]\r\n\t<ul class=\"tt_event_items_list\">\r\n\t\t\r\n\t<li class=\"timetable_clearfix type_info\">\r\n\t\t<label>Package 1 Private:<\/label><div class=\"tt_event_text\">270 USD \/ 3 Hours<\/div>\r\n\t<\/li>\r\n\t<li class=\"timetable_clearfix type_info\">\r\n\t\t<label>Package 2 Private:<\/label><div class=\"tt_event_text\">510 USD \/ 6 Hours<\/div>\r\n\t<\/li>\r\n\t<li class=\"timetable_clearfix type_info\">\r\n\t\t<label>Package 3 Private<\/label><div class=\"tt_event_text\">720 USD \/ 9 Hours<\/div>\r\n\t<\/li>\r\n\t<li class=\"timetable_clearfix type_info\">\r\n\t\t<label>Package 4 Private:<\/label><div class=\"tt_event_text\">930 USD \/ 12 Hours<\/div>\r\n\t<\/li>\r\n\t<li class=\"timetable_clearfix type_info\">\r\n\t\t<label>Package 1 Group:<\/label><div class=\"tt_event_text\">180 USD per Person \/ 3 Hours<\/div>\r\n\t<\/li>\r\n\t<li class=\"timetable_clearfix type_info\">\r\n\t\t<label>Extra hour:<\/label><div class=\"tt_event_text\">65 USD \/ Hour<\/div>\r\n\t<\/li>\r\n\t<\/ul><a itemprop=\"url\" href=\"https:\/\/bookings.board-off.com\/book\/252c82745e7d42d7\" target=\"_blank\" style=\"padding: 13px 37px 10px\" class=\"qodef-btn qodef-btn-large qodef-btn-outline qodef-btn-wave-hover\"  >\n        <span class=\"qodef-btn-text\">Book now<\/span>\n            <span class=\"qodef-btn-wave-holder\" style=\"background-image: url(&quot;data:image\/svg+xml,%3Csvg xmlns=&#039;http:\/\/www.w3.org\/2000\/svg&#039; x=&#039;0px&#039; y=&#039;0px&#039; width=&#039;172px&#039; height=&#039;126px&#039; viewBox=&#039;0 0 172 125.7&#039; enable-background=&#039;0 0 172 125.7&#039; xml:space=&#039;preserve&#039; %3E%3Cpath fill=&#039;%23000000&#039; d=&#039;M173,22.7c-33.9,0-44.7-14.1-88.4-14.1c-43.6,0-54.5,14.1-86,14.1V126l174.4-0.3C173,125.7,173,28.7,173,22.7z&#039;\/%3E%3C\/svg%3E&quot;)\" ><\/span>\n        <\/a>\t\t<\/div>\n\t<\/div>\n<\/div><\/div>[\/vc_column][\/vc_row][vc_row content_text_aligment=\u00a0\u00bbleft\u00a0\u00bb enable_surfer_icon=\u00a0\u00bbno\u00a0\u00bb css=\u00a0\u00bb.vc_custom_1582543773844{padding-top: 14px !important;}\u00a0\u00bb][vc_column][vc_empty_space][\/vc_column][\/vc_row][vc_row content_text_aligment=\u00a0\u00bbleft\u00a0\u00bb enable_surfer_icon=\u00a0\u00bbno\u00a0\u00bb css=\u00a0\u00bb.vc_custom_1582543773844{padding-top: 14px !important;}\u00a0\u00bb][vc_column][vc_column_text]<\/p>\n<blockquote><p>\u00ab\u00a0Il y aura de nombreux d\u00e9fis bien s\u00fbr, et il faudra du temps et des efforts et probablement quelques d\u00e9ceptions avant de devenir un kitesurfeur comp\u00e9tent, mais cela en vaudra la peine pour l&rsquo;exp\u00e9rience rare.\u00a0\u00bb<\/p>\n<p>&#8211; Ian Curre<\/p><\/blockquote>\n<p>[\/vc_column_text][vc_column_text css=\u00a0\u00bb.vc_custom_1634409304136{padding-top: 2px !important;}\u00a0\u00bb][\/vc_column_text][vc_column_text][\/vc_column_text][\/vc_column][\/vc_row][vc_row content_text_aligment=\u00a0\u00bbleft\u00a0\u00bb enable_surfer_icon=\u00a0\u00bbno\u00a0\u00bb css=\u00a0\u00bb.vc_custom_1582543773844{padding-top: 14px !important;}\u00a0\u00bb][vc_column][vc_empty_space][\/vc_column][\/vc_row][vc_row content_text_aligment=\u00a0\u00bbleft\u00a0\u00bb enable_surfer_icon=\u00a0\u00bbno\u00a0\u00bb css=\u00a0\u00bb.vc_custom_1582543773844{padding-top: 14px !important;}\u00a0\u00bb][vc_column][vc_widget_sidebar sidebar_id=\u00a0\u00bbbooking-widget\u00a0\u00bb][\/vc_column][\/vc_row][vc_row content_text_aligment=\u00a0\u00bbleft\u00a0\u00bb enable_surfer_icon=\u00a0\u00bbno\u00a0\u00bb css=\u00a0\u00bb.vc_custom_1582543773844{padding-top: 14px !important;}\u00a0\u00bb][vc_column][vc_empty_space][\/vc_column][\/vc_row][vc_row enable_surfer_icon=\u00a0\u00bbno\u00a0\u00bb css=\u00a0\u00bb.vc_custom_1579771923784{padding-top: 59px !important;}\u00a0\u00bb][vc_column offset=\u00a0\u00bbvc_col-lg-offset-0 vc_col-lg-6 vc_col-md-offset-0 vc_col-md-12 vc_col-sm-offset-0 vc_col-xs-12&Prime; el_class=\u00a0\u00bbqodef-map\u00a0\u00bb][vc_column_text]<\/p>\n<h4><span style=\"font-weight: bold;\">De notre galerie<\/span><\/h4>\n<p>[\/vc_column_text][\/vc_column][vc_column css=\u00a0\u00bb.vc_custom_1550505500194{margin-left: -15px !important;padding-left: 0px !important;}\u00a0\u00bb offset=\u00a0\u00bbvc_col-lg-offset-0 vc_col-lg-6 vc_col-md-offset-0 vc_col-md-12 vc_col-sm-offset-0&Prime;][\/vc_column][\/vc_row][vc_row enable_surfer_icon=\u00a0\u00bbno\u00a0\u00bb css=\u00a0\u00bb.vc_custom_1579772034878{padding-top: 19px !important;}\u00a0\u00bb][vc_column]<div class=\"qodef-image-gallery qodef-grid-list qodef-disable-bottom-space  qodef-ig-grid-type qodef-three-columns qodef-tiny-space qodef-has-shadow qodef-image-behavior-zoom\">\n\t<div class=\"qodef-ig-inner qodef-outer-space\">\n\t\t\t\t\t<div class=\"qodef-ig-image qodef-item-space\">\n\t\t\t\t<div class=\"qodef-ig-image-inner\">\n\t\t\t\t\t\t\t\t\t\t\t<img loading=\"lazy\" decoding=\"async\" width=\"1920\" height=\"998\" src=\"https:\/\/siankite.net\/wp-content\/uploads\/2021\/10\/Sian-Kite-Kite_Watersport-School_Tulum_Mexic_home-__50kb-_200kb-1-e1670446977931.jpg\" class=\"attachment-full size-full\" alt=\"Siankite-Watersport-School-Tulum-Mexico-Kite-Surf\" srcset=\"https:\/\/siankite.net\/wp-content\/uploads\/2021\/10\/Sian-Kite-Kite_Watersport-School_Tulum_Mexic_home-__50kb-_200kb-1-e1670446977931.jpg 1920w, https:\/\/siankite.net\/wp-content\/uploads\/2021\/10\/Sian-Kite-Kite_Watersport-School_Tulum_Mexic_home-__50kb-_200kb-1-e1670446977931-300x156.jpg 300w, https:\/\/siankite.net\/wp-content\/uploads\/2021\/10\/Sian-Kite-Kite_Watersport-School_Tulum_Mexic_home-__50kb-_200kb-1-e1670446977931-1024x532.jpg 1024w, https:\/\/siankite.net\/wp-content\/uploads\/2021\/10\/Sian-Kite-Kite_Watersport-School_Tulum_Mexic_home-__50kb-_200kb-1-e1670446977931-768x399.jpg 768w, https:\/\/siankite.net\/wp-content\/uploads\/2021\/10\/Sian-Kite-Kite_Watersport-School_Tulum_Mexic_home-__50kb-_200kb-1-e1670446977931-1536x798.jpg 1536w\" sizes=\"auto, (max-width: 1920px) 100vw, 1920px\" \/>\t\t\t\t\t\t\t\t\t<\/div>\n\t\t\t<\/div>\n\t\t\t\t\t<div class=\"qodef-ig-image qodef-item-space\">\n\t\t\t\t<div class=\"qodef-ig-image-inner\">\n\t\t\t\t\t\t\t\t\t\t\t<img loading=\"lazy\" decoding=\"async\" width=\"512\" height=\"379\" src=\"https:\/\/siankite.net\/wp-content\/uploads\/2021\/10\/Sian-Kite-Surf_Watersport-School_Tulum_Mexico_Gym_13_50kb.jpg\" class=\"attachment-full size-full\" alt=\"\" srcset=\"https:\/\/siankite.net\/wp-content\/uploads\/2021\/10\/Sian-Kite-Surf_Watersport-School_Tulum_Mexico_Gym_13_50kb.jpg 512w, https:\/\/siankite.net\/wp-content\/uploads\/2021\/10\/Sian-Kite-Surf_Watersport-School_Tulum_Mexico_Gym_13_50kb-300x222.jpg 300w\" sizes=\"auto, (max-width: 512px) 100vw, 512px\" \/>\t\t\t\t\t\t\t\t\t<\/div>\n\t\t\t<\/div>\n\t\t\t\t\t<div class=\"qodef-ig-image qodef-item-space\">\n\t\t\t\t<div class=\"qodef-ig-image-inner\">\n\t\t\t\t\t\t\t\t\t\t\t<img loading=\"lazy\" decoding=\"async\" width=\"500\" height=\"667\" src=\"https:\/\/siankite.net\/wp-content\/uploads\/2022\/06\/Sian-Kite-Kite_Watersport-School_Tulum_Mexic_Kite-lesson-_50kb.jpg\" class=\"attachment-full size-full\" alt=\"\" srcset=\"https:\/\/siankite.net\/wp-content\/uploads\/2022\/06\/Sian-Kite-Kite_Watersport-School_Tulum_Mexic_Kite-lesson-_50kb.jpg 500w, https:\/\/siankite.net\/wp-content\/uploads\/2022\/06\/Sian-Kite-Kite_Watersport-School_Tulum_Mexic_Kite-lesson-_50kb-225x300.jpg 225w\" sizes=\"auto, (max-width: 500px) 100vw, 500px\" \/>\t\t\t\t\t\t\t\t\t<\/div>\n\t\t\t<\/div>\n\t\t\t\t\t<div class=\"qodef-ig-image qodef-item-space\">\n\t\t\t\t<div class=\"qodef-ig-image-inner\">\n\t\t\t\t\t\t\t\t\t\t\t<img loading=\"lazy\" decoding=\"async\" width=\"500\" height=\"375\" src=\"https:\/\/siankite.net\/wp-content\/uploads\/2022\/06\/Sian-Kite-Kite_Watersport-School_Tulum_Mexico_kite-lesson_50kb-Kopie.jpg\" class=\"attachment-full size-full\" alt=\"\" srcset=\"https:\/\/siankite.net\/wp-content\/uploads\/2022\/06\/Sian-Kite-Kite_Watersport-School_Tulum_Mexico_kite-lesson_50kb-Kopie.jpg 500w, https:\/\/siankite.net\/wp-content\/uploads\/2022\/06\/Sian-Kite-Kite_Watersport-School_Tulum_Mexico_kite-lesson_50kb-Kopie-300x225.jpg 300w\" sizes=\"auto, (max-width: 500px) 100vw, 500px\" \/>\t\t\t\t\t\t\t\t\t<\/div>\n\t\t\t<\/div>\n\t\t\t\t\t<div class=\"qodef-ig-image qodef-item-space\">\n\t\t\t\t<div class=\"qodef-ig-image-inner\">\n\t\t\t\t\t\t\t\t\t\t\t<img loading=\"lazy\" decoding=\"async\" width=\"500\" height=\"375\" src=\"https:\/\/siankite.net\/wp-content\/uploads\/2022\/06\/Sian-Kite-Kite_Watersport-School_Tulum_Mexic_Kite-_50kb-Kopie.jpg\" class=\"attachment-full size-full\" alt=\"\" srcset=\"https:\/\/siankite.net\/wp-content\/uploads\/2022\/06\/Sian-Kite-Kite_Watersport-School_Tulum_Mexic_Kite-_50kb-Kopie.jpg 500w, https:\/\/siankite.net\/wp-content\/uploads\/2022\/06\/Sian-Kite-Kite_Watersport-School_Tulum_Mexic_Kite-_50kb-Kopie-300x225.jpg 300w\" sizes=\"auto, (max-width: 500px) 100vw, 500px\" \/>\t\t\t\t\t\t\t\t\t<\/div>\n\t\t\t<\/div>\n\t\t\t<\/div>\n<\/div>[\/vc_column][\/vc_row][vc_row][vc_column][vc_empty_space][\/vc_column][\/vc_row][vc_row][vc_column][vc_empty_space][\/vc_column][\/vc_row][vc_row][vc_column width=\u00a0\u00bb1\/3&Prime;][vc_separator][\/vc_column][vc_column width=\u00a0\u00bb1\/3&Prime;][vc_widget_sidebar sidebar_id=\u00a0\u00bbservice-menu\u00a0\u00bb][\/vc_column][vc_column width=\u00a0\u00bb1\/3&Prime;][vc_separator][\/vc_column][\/vc_row][vc_row][vc_column][vc_empty_space][\/vc_column][\/vc_row]<\/p>\n","protected":false},"excerpt":{"rendered":"<p>[vc_row enable_surfer_icon=\u00a0\u00bbno\u00a0\u00bb][vc_column width=\u00a0\u00bb1\/2&Prime;][vc_column_text] \u00c0 PROPOS DES PAQUETS PACKAGE 1 Cours d&rsquo;un jour &#8211; Cours de kite 3 heures &#8211; Apprends les bases &#8211; Apprends \u00e0 ton rythme &#8211; pour le spontan\u00e9 *Packages de groupe disponibles pour les 3 premi\u00e8res heures, [&hellip;]<\/p>\n","protected":false},"author":1,"featured_media":0,"parent":5803,"menu_order":0,"comment_status":"closed","ping_status":"closed","template":"","meta":{"_coblocks_attr":"","_coblocks_dimensions":"","_coblocks_responsive_height":"","_coblocks_accordion_ie_support":"","footnotes":""},"class_list":["post-5828","page","type-page","status-publish","hentry"],"yoast_head":"<!-- This site is optimized with the Yoast SEO Premium plugin v19.5 (Yoast SEO v27.5) - https:\/\/yoast.com\/product\/yoast-seo-premium-wordpress\/ -->\n<title>Forfaits Le\u00e7ons de Kitesurf \u00e0 Tulum Tous Niveaux<\/title>\n<meta name=\"description\" content=\"D\u00e9couvrez des forfaits de le\u00e7ons de kitesurf \u00e0 Tulum avec instructeurs certifi\u00e9s, mat\u00e9riel s\u00fbr et progression rapide pour chaque niveau chez SIANKITE.\" \/>\n<meta name=\"robots\" content=\"index, follow, max-snippet:-1, max-image-preview:large, max-video-preview:-1\" \/>\n<link rel=\"canonical\" href=\"https:\/\/siankite.net\/fr\/sports-nautiques-ecoles-services\/kite-lesson-packages\/\" \/>\n<meta property=\"og:locale\" content=\"fr_FR\" \/>\n<meta property=\"og:type\" content=\"article\" \/>\n<meta property=\"og:title\" content=\"Packs de le\u00e7ons de kite\" \/>\n<meta property=\"og:description\" content=\"D\u00e9couvrez des forfaits de le\u00e7ons de kitesurf \u00e0 Tulum avec instructeurs certifi\u00e9s, mat\u00e9riel s\u00fbr et progression rapide pour chaque niveau chez SIANKITE.\" \/>\n<meta property=\"og:url\" content=\"https:\/\/siankite.net\/fr\/sports-nautiques-ecoles-services\/kite-lesson-packages\/\" \/>\n<meta property=\"og:site_name\" content=\"Sports nautiques Siankite - Tulum - Mexique\" \/>\n<meta property=\"article:publisher\" content=\"https:\/\/www.facebook.com\/SIANKITETULUM\/\" \/>\n<meta property=\"article:modified_time\" content=\"2026-03-18T16:03:48+00:00\" \/>\n<meta property=\"og:image\" content=\"https:\/\/siankite.net\/wp-content\/uploads\/2021\/10\/Sian-Kite-Kite_Watersport-School_Tulum_Mexico_home-__50kb-.png\" \/>\n\t<meta property=\"og:image:width\" content=\"469\" \/>\n\t<meta property=\"og:image:height\" content=\"360\" \/>\n\t<meta property=\"og:image:type\" content=\"image\/png\" \/>\n<meta name=\"twitter:card\" content=\"summary_large_image\" \/>\n<script type=\"application\/ld+json\" class=\"yoast-schema-graph\">{\"@context\":\"https:\\\/\\\/schema.org\",\"@graph\":[{\"@type\":\"WebPage\",\"@id\":\"https:\\\/\\\/siankite.net\\\/fr\\\/sports-nautiques-ecoles-services\\\/kite-lesson-packages\\\/\",\"url\":\"https:\\\/\\\/siankite.net\\\/fr\\\/sports-nautiques-ecoles-services\\\/kite-lesson-packages\\\/\",\"name\":\"Forfaits Le\u00e7ons de Kitesurf \u00e0 Tulum Tous Niveaux\",\"isPartOf\":{\"@id\":\"https:\\\/\\\/siankite.net\\\/fr\\\/#website\"},\"datePublished\":\"2020-02-11T15:26:38+00:00\",\"dateModified\":\"2026-03-18T16:03:48+00:00\",\"description\":\"D\u00e9couvrez des forfaits de le\u00e7ons de kitesurf \u00e0 Tulum avec instructeurs certifi\u00e9s, mat\u00e9riel s\u00fbr et progression rapide pour chaque niveau chez SIANKITE.\",\"breadcrumb\":{\"@id\":\"https:\\\/\\\/siankite.net\\\/fr\\\/sports-nautiques-ecoles-services\\\/kite-lesson-packages\\\/#breadcrumb\"},\"inLanguage\":\"fr-FR\",\"potentialAction\":[{\"@type\":\"ReadAction\",\"target\":[\"https:\\\/\\\/siankite.net\\\/fr\\\/sports-nautiques-ecoles-services\\\/kite-lesson-packages\\\/\"]}]},{\"@type\":\"BreadcrumbList\",\"@id\":\"https:\\\/\\\/siankite.net\\\/fr\\\/sports-nautiques-ecoles-services\\\/kite-lesson-packages\\\/#breadcrumb\",\"itemListElement\":[{\"@type\":\"ListItem\",\"position\":1,\"name\":\"Siankite\",\"item\":\"https:\\\/\\\/siankite.net\\\/fr\\\/\"},{\"@type\":\"ListItem\",\"position\":2,\"name\":\"\u00c9cole de sports nautiques\",\"item\":\"https:\\\/\\\/siankite.net\\\/fr\\\/sports-nautiques-ecoles-services\\\/\"},{\"@type\":\"ListItem\",\"position\":3,\"name\":\"Packs de le\u00e7ons de kite\"}]},{\"@type\":\"WebSite\",\"@id\":\"https:\\\/\\\/siankite.net\\\/fr\\\/#website\",\"url\":\"https:\\\/\\\/siankite.net\\\/fr\\\/\",\"name\":\"Sian Kite Watersports - Tulum - Mexico\",\"description\":\"\u00c9cole de surf et de kitesurf\",\"publisher\":{\"@id\":\"https:\\\/\\\/siankite.net\\\/fr\\\/#organization\"},\"potentialAction\":[{\"@type\":\"SearchAction\",\"target\":{\"@type\":\"EntryPoint\",\"urlTemplate\":\"https:\\\/\\\/siankite.net\\\/fr\\\/?s={search_term_string}\"},\"query-input\":{\"@type\":\"PropertyValueSpecification\",\"valueRequired\":true,\"valueName\":\"search_term_string\"}}],\"inLanguage\":\"fr-FR\"},{\"@type\":[\"Organization\",\"Place\",\"SportsActivityLocation\"],\"@id\":\"https:\\\/\\\/siankite.net\\\/fr\\\/#organization\",\"name\":\"Siankite Watersport School Tulum - Mexico\",\"url\":\"https:\\\/\\\/siankite.net\\\/fr\\\/\",\"logo\":{\"@id\":\"https:\\\/\\\/siankite.net\\\/fr\\\/sports-nautiques-ecoles-services\\\/kite-lesson-packages\\\/#local-main-organization-logo\"},\"image\":{\"@id\":\"https:\\\/\\\/siankite.net\\\/fr\\\/sports-nautiques-ecoles-services\\\/kite-lesson-packages\\\/#local-main-organization-logo\"},\"sameAs\":[\"https:\\\/\\\/www.facebook.com\\\/SIANKITETULUM\\\/\",\"https:\\\/\\\/www.instagram.com\\\/siankite\\\/\",\"https:\\\/\\\/www.youtube.com\\\/user\\\/siankitetulum\\\/featured\"],\"address\":{\"@id\":\"https:\\\/\\\/siankite.net\\\/fr\\\/sports-nautiques-ecoles-services\\\/kite-lesson-packages\\\/#local-main-place-address\"},\"telephone\":[\"+ 52 1 984 185 1151\"],\"openingHoursSpecification\":[{\"@type\":\"OpeningHoursSpecification\",\"dayOfWeek\":[\"Monday\",\"Tuesday\",\"Wednesday\",\"Thursday\",\"Friday\",\"Saturday\",\"Sunday\"],\"opens\":\"09:00\",\"closes\":\"19:00\"}],\"email\":\"booking@siankite.net\",\"priceRange\":\"$$\"},{\"@type\":\"PostalAddress\",\"@id\":\"https:\\\/\\\/siankite.net\\\/fr\\\/sports-nautiques-ecoles-services\\\/kite-lesson-packages\\\/#local-main-place-address\",\"streetAddress\":\"Carr. Tulum-Boca Paila Km 4.5, Tulum Beach, Zona Costera\",\"addressLocality\":\"Tulum\",\"postalCode\":\"77780\",\"addressRegion\":\"Quintana Roo\",\"addressCountry\":\"MX\"},{\"@type\":\"ImageObject\",\"inLanguage\":\"fr-FR\",\"@id\":\"https:\\\/\\\/siankite.net\\\/fr\\\/sports-nautiques-ecoles-services\\\/kite-lesson-packages\\\/#local-main-organization-logo\",\"url\":\"https:\\\/\\\/siankite.net\\\/wp-content\\\/uploads\\\/2021\\\/11\\\/Sian-Kite-Tulum-Mexico-Kite-Logo_black_trans_512.png\",\"contentUrl\":\"https:\\\/\\\/siankite.net\\\/wp-content\\\/uploads\\\/2021\\\/11\\\/Sian-Kite-Tulum-Mexico-Kite-Logo_black_trans_512.png\",\"width\":512,\"height\":512,\"caption\":\"Siankite Watersport School Tulum - Mexico\"}]}<\/script>\n<meta name=\"geo.placename\" content=\"Tulum\" \/>\n<meta name=\"geo.region\" content=\"Mexique\" \/>\n<!-- \/ Yoast SEO Premium plugin. -->","yoast_head_json":{"title":"Forfaits Le\u00e7ons de Kitesurf \u00e0 Tulum Tous Niveaux","description":"D\u00e9couvrez des forfaits de le\u00e7ons de kitesurf \u00e0 Tulum avec instructeurs certifi\u00e9s, mat\u00e9riel s\u00fbr et progression rapide pour chaque niveau chez SIANKITE.","robots":{"index":"index","follow":"follow","max-snippet":"max-snippet:-1","max-image-preview":"max-image-preview:large","max-video-preview":"max-video-preview:-1"},"canonical":"https:\/\/siankite.net\/fr\/sports-nautiques-ecoles-services\/kite-lesson-packages\/","og_locale":"fr_FR","og_type":"article","og_title":"Packs de le\u00e7ons de kite","og_description":"D\u00e9couvrez des forfaits de le\u00e7ons de kitesurf \u00e0 Tulum avec instructeurs certifi\u00e9s, mat\u00e9riel s\u00fbr et progression rapide pour chaque niveau chez SIANKITE.","og_url":"https:\/\/siankite.net\/fr\/sports-nautiques-ecoles-services\/kite-lesson-packages\/","og_site_name":"Sports nautiques Siankite - Tulum - Mexique","article_publisher":"https:\/\/www.facebook.com\/SIANKITETULUM\/","article_modified_time":"2026-03-18T16:03:48+00:00","og_image":[{"width":469,"height":360,"url":"https:\/\/siankite.net\/wp-content\/uploads\/2021\/10\/Sian-Kite-Kite_Watersport-School_Tulum_Mexico_home-__50kb-.png","type":"image\/png"}],"twitter_card":"summary_large_image","schema":{"@context":"https:\/\/schema.org","@graph":[{"@type":"WebPage","@id":"https:\/\/siankite.net\/fr\/sports-nautiques-ecoles-services\/kite-lesson-packages\/","url":"https:\/\/siankite.net\/fr\/sports-nautiques-ecoles-services\/kite-lesson-packages\/","name":"Forfaits Le\u00e7ons de Kitesurf \u00e0 Tulum Tous Niveaux","isPartOf":{"@id":"https:\/\/siankite.net\/fr\/#website"},"datePublished":"2020-02-11T15:26:38+00:00","dateModified":"2026-03-18T16:03:48+00:00","description":"D\u00e9couvrez des forfaits de le\u00e7ons de kitesurf \u00e0 Tulum avec instructeurs certifi\u00e9s, mat\u00e9riel s\u00fbr et progression rapide pour chaque niveau chez SIANKITE.","breadcrumb":{"@id":"https:\/\/siankite.net\/fr\/sports-nautiques-ecoles-services\/kite-lesson-packages\/#breadcrumb"},"inLanguage":"fr-FR","potentialAction":[{"@type":"ReadAction","target":["https:\/\/siankite.net\/fr\/sports-nautiques-ecoles-services\/kite-lesson-packages\/"]}]},{"@type":"BreadcrumbList","@id":"https:\/\/siankite.net\/fr\/sports-nautiques-ecoles-services\/kite-lesson-packages\/#breadcrumb","itemListElement":[{"@type":"ListItem","position":1,"name":"Siankite","item":"https:\/\/siankite.net\/fr\/"},{"@type":"ListItem","position":2,"name":"\u00c9cole de sports nautiques","item":"https:\/\/siankite.net\/fr\/sports-nautiques-ecoles-services\/"},{"@type":"ListItem","position":3,"name":"Packs de le\u00e7ons de kite"}]},{"@type":"WebSite","@id":"https:\/\/siankite.net\/fr\/#website","url":"https:\/\/siankite.net\/fr\/","name":"Sian Kite Watersports - Tulum - Mexico","description":"\u00c9cole de surf et de kitesurf","publisher":{"@id":"https:\/\/siankite.net\/fr\/#organization"},"potentialAction":[{"@type":"SearchAction","target":{"@type":"EntryPoint","urlTemplate":"https:\/\/siankite.net\/fr\/?s={search_term_string}"},"query-input":{"@type":"PropertyValueSpecification","valueRequired":true,"valueName":"search_term_string"}}],"inLanguage":"fr-FR"},{"@type":["Organization","Place","SportsActivityLocation"],"@id":"https:\/\/siankite.net\/fr\/#organization","name":"Siankite Watersport School Tulum - Mexico","url":"https:\/\/siankite.net\/fr\/","logo":{"@id":"https:\/\/siankite.net\/fr\/sports-nautiques-ecoles-services\/kite-lesson-packages\/#local-main-organization-logo"},"image":{"@id":"https:\/\/siankite.net\/fr\/sports-nautiques-ecoles-services\/kite-lesson-packages\/#local-main-organization-logo"},"sameAs":["https:\/\/www.facebook.com\/SIANKITETULUM\/","https:\/\/www.instagram.com\/siankite\/","https:\/\/www.youtube.com\/user\/siankitetulum\/featured"],"address":{"@id":"https:\/\/siankite.net\/fr\/sports-nautiques-ecoles-services\/kite-lesson-packages\/#local-main-place-address"},"telephone":["+ 52 1 984 185 1151","+ 52 1 984 185 1151"],"openingHoursSpecification":[{"@type":"OpeningHoursSpecification","dayOfWeek":["Monday","Tuesday","Wednesday","Thursday","Friday","Saturday","Sunday"],"opens":"09:00","closes":"19:00"}],"email":"booking@siankite.net","priceRange":"$$"},{"@type":"PostalAddress","@id":"https:\/\/siankite.net\/fr\/sports-nautiques-ecoles-services\/kite-lesson-packages\/#local-main-place-address","streetAddress":"Carr. Tulum-Boca Paila Km 4.5, Tulum Beach, Zona Costera","addressLocality":"Tulum","postalCode":"77780","addressRegion":"Quintana Roo","addressCountry":"MX"},{"@type":"ImageObject","inLanguage":"fr-FR","@id":"https:\/\/siankite.net\/fr\/sports-nautiques-ecoles-services\/kite-lesson-packages\/#local-main-organization-logo","url":"https:\/\/siankite.net\/wp-content\/uploads\/2021\/11\/Sian-Kite-Tulum-Mexico-Kite-Logo_black_trans_512.png","contentUrl":"https:\/\/siankite.net\/wp-content\/uploads\/2021\/11\/Sian-Kite-Tulum-Mexico-Kite-Logo_black_trans_512.png","width":512,"height":512,"caption":"Siankite Watersport School Tulum - Mexico"}]},"geo.placename":"Tulum","geo.region":"Mexique"},"_links":{"self":[{"href":"https:\/\/siankite.net\/fr\/wp-json\/wp\/v2\/pages\/5828","targetHints":{"allow":["GET"]}}],"collection":[{"href":"https:\/\/siankite.net\/fr\/wp-json\/wp\/v2\/pages"}],"about":[{"href":"https:\/\/siankite.net\/fr\/wp-json\/wp\/v2\/types\/page"}],"author":[{"embeddable":true,"href":"https:\/\/siankite.net\/fr\/wp-json\/wp\/v2\/users\/1"}],"replies":[{"embeddable":true,"href":"https:\/\/siankite.net\/fr\/wp-json\/wp\/v2\/comments?post=5828"}],"version-history":[{"count":3,"href":"https:\/\/siankite.net\/fr\/wp-json\/wp\/v2\/pages\/5828\/revisions"}],"predecessor-version":[{"id":6515,"href":"https:\/\/siankite.net\/fr\/wp-json\/wp\/v2\/pages\/5828\/revisions\/6515"}],"up":[{"embeddable":true,"href":"https:\/\/siankite.net\/fr\/wp-json\/wp\/v2\/pages\/5803"}],"wp:attachment":[{"href":"https:\/\/siankite.net\/fr\/wp-json\/wp\/v2\/media?parent=5828"}],"curies":[{"name":"wp","href":"https:\/\/api.w.org\/{rel}","templated":true}]}}