{"id":5855,"date":"2020-01-17T14:14:10","date_gmt":"2020-01-17T19:14:10","guid":{"rendered":"https:\/\/siankite.net\/sports-nautiques-ecoles-services\/speciales-tours\/"},"modified":"2026-03-18T11:07:45","modified_gmt":"2026-03-18T16:07:45","slug":"speciales-tours","status":"publish","type":"page","link":"https:\/\/siankite.net\/fr\/sports-nautiques-ecoles-services\/speciales-tours\/","title":{"rendered":"Special Tours"},"content":{"rendered":"<p>[vc_row enable_surfer_icon=\u00a0\u00bbno\u00a0\u00bb][vc_column width=\u00a0\u00bb1\/2&Prime;][vc_column_text]<\/p>\n<h4><span style=\"font-weight: bold;\">Visites sp\u00e9ciales<\/span><\/h4>\n<p>[\/vc_column_text][vc_column_text]Private Mayan Underground Exploring Tour 8km into the Jungle.<\/p>\n<p>We welcome you to our new <strong>Paradise Underground Journey<\/strong> connect with the amazing nature. Enjoy hiking in this unique and exclusive Siankite adventure site, caves and underwater channels in a destination you will never forget, beyond a tourist destination, this is for real a very exclusive and unique trip open only to a maximum of 4 people to reduce the impact on this reserved Mayan natural sanctuary.<\/p>\n<p>The use of chemicals is totally prohibited in this activity.<\/p>\n<p><strong>Duration<\/strong>:4 hours<\/p>\n<p><strong>Included<\/strong>: Pick up \/ Drop off Tulum, Guide, Entrance Fee, Gear (helmet, lamp, wetsuit, booties, Snacks &amp; Drinks<\/p>\n<p>&nbsp;<\/p>\n<p><strong>LAGOON JOURNEY<\/strong><\/p>\n<p>Remember the movie Blue Lagoon? This would be the perfect setup for a remake this Spot.<\/p>\n<p>Join us Paddle boarding in sweet chrystal water.<\/p>\n<p><strong>Duration<\/strong>:4 hours<\/p>\n<p><strong>Included:<\/strong> Pick up \/ Drop off Tulum, Guide, Entrance Fee, SUP Boards, Snacks &amp; Drinks<\/p>\n<div id=\"gtx-trans\" style=\"position: absolute; left: -16px; top: 600px;\">\n<div class=\"gtx-trans-icon\"><\/div>\n<\/div>\n<p>[\/vc_column_text][\/vc_column][vc_column width=\u00a0\u00bb1\/2&Prime;][vc_single_image image=\u00a0\u00bb3970&Prime; img_size=\u00a0\u00bbfull\u00a0\u00bb][\/vc_column][\/vc_row][vc_row content_text_aligment=\u00a0\u00bbleft\u00a0\u00bb enable_surfer_icon=\u00a0\u00bbno\u00a0\u00bb css=\u00a0\u00bb.vc_custom_1582543773844{padding-top: 14px !important;}\u00a0\u00bb][vc_column][vc_empty_space][\/vc_column][\/vc_row][vc_row enable_surfer_icon=\u00a0\u00bbno\u00a0\u00bb css=\u00a0\u00bb.vc_custom_1579769032153{padding-top: 61px !important;}\u00a0\u00bb][vc_column offset=\u00a0\u00bbvc_col-lg-offset-0 vc_col-lg-6 vc_col-md-offset-0 vc_col-md-12 vc_col-sm-offset-0 vc_col-xs-12&Prime; el_class=\u00a0\u00bbqodef-map\u00a0\u00bb][vc_column_text]<\/p>\n<h4><span style=\"font-weight: bold;\">see more than whats on the map.<\/span><\/h4>\n<p>[\/vc_column_text][vc_empty_space height=\u00a0\u00bb19px\u00a0\u00bb]<div class=\"qodef-elements-holder   qodef-one-column  qodef-responsive-mode-768 \" ><div class=\"qodef-eh-item    \" style=\"background-image: url(https:\/\/siankite.net\/wp-content\/uploads\/2021\/10\/Sian-Kite-Surf_Watersport-School_Tulum_Mexico_home-04_Snorkeling_50kb-.png)\" data-item-class=\"qodef-eh-custom-4330\" data-1400-1600=\"135px 10px 191px 0px\" data-1025-1399=\"131px 10px 195px 0px\" data-769-1024=\"212px 0px 265px 0\" data-681-768=\"212px 0px 265px 0\" data-680=\"76px 0px 135px 0px\">\n\t<div class=\"qodef-eh-item-inner\">\n\t\t<div class=\"qodef-eh-item-content qodef-eh-custom-4330\" style=\"padding: 133px 10px 193px 0px\">\n\t\t\t\t\t<\/div>\n\t<\/div>\n<\/div><\/div>[\/vc_column][vc_column css=\u00a0\u00bb.vc_custom_1550505500194{margin-left: -15px !important;padding-left: 0px !important;}\u00a0\u00bb offset=\u00a0\u00bbvc_col-lg-offset-0 vc_col-lg-6 vc_col-md-offset-0 vc_col-md-12 vc_col-sm-offset-0&Prime;]<div class=\"qodef-elements-holder   qodef-one-column  qodef-responsive-mode-768 \" ><div class=\"qodef-eh-item    \"  data-item-class=\"qodef-eh-custom-5728\" data-769-1024=\"18px 0px 17px 31px\" data-681-768=\"21px 0px 17px 33px\" data-680=\"9px 0px 17px 30px\">\n\t<div class=\"qodef-eh-item-inner\">\n\t\t<div class=\"qodef-eh-item-content qodef-eh-custom-5728\" style=\"padding: 0 0 0 5%\">\n\t\t\t[vc_column_text css=\u00a0\u00bb.vc_custom_1636059718323{margin-top: 0px !important;}\u00a0\u00bb]<\/p>\n<h4><span style=\"font-weight: bold;\">prix du voyage<\/span><\/h4>\n<p>[\/vc_column_text][vc_empty_space height=\u00a0\u00bb8px\u00a0\u00bb][vc_empty_space height=\u00a0\u00bb5px\u00a0\u00bb]\r\n\t<ul class=\"tt_event_items_list\">\r\n\t\t\r\n\t<li class=\"timetable_clearfix type_info\">\r\n\t\t<label>Cave Journey:<\/label><div class=\"tt_event_text\">130 USD<\/div>\r\n\t<\/li>\r\n\t<li class=\"timetable_clearfix type_info\">\r\n\t\t<label>Lagoon Journey:<\/label><div class=\"tt_event_text\">110 USD<\/div>\r\n\t<\/li>\r\n\t<li class=\"timetable_clearfix type_info\">\r\n\t\t<label>Cenote Journey:<\/label><div class=\"tt_event_text\">130 USD<\/div>\r\n\t<\/li>\r\n\t<\/ul><a itemprop=\"url\" href=\"https:\/\/siankite.net\/contact-us\/\" target=\"_blank\"  class=\"qodef-btn qodef-btn-large qodef-btn-outline qodef-btn-wave-hover\"  >\n        <span class=\"qodef-btn-text\">Contact us<\/span>\n            <span class=\"qodef-btn-wave-holder\" style=\"background-image: url(&quot;data:image\/svg+xml,%3Csvg xmlns=&#039;http:\/\/www.w3.org\/2000\/svg&#039; x=&#039;0px&#039; y=&#039;0px&#039; width=&#039;172px&#039; height=&#039;126px&#039; viewBox=&#039;0 0 172 125.7&#039; enable-background=&#039;0 0 172 125.7&#039; xml:space=&#039;preserve&#039; %3E%3Cpath fill=&#039;%23000000&#039; d=&#039;M173,22.7c-33.9,0-44.7-14.1-88.4-14.1c-43.6,0-54.5,14.1-86,14.1V126l174.4-0.3C173,125.7,173,28.7,173,22.7z&#039;\/%3E%3C\/svg%3E&quot;)\" ><\/span>\n        <\/a>\t\t<\/div>\n\t<\/div>\n<\/div><\/div>[\/vc_column][\/vc_row][vc_row content_text_aligment=\u00a0\u00bbleft\u00a0\u00bb enable_surfer_icon=\u00a0\u00bbno\u00a0\u00bb css=\u00a0\u00bb.vc_custom_1582543773844{padding-top: 14px !important;}\u00a0\u00bb][vc_column][vc_empty_space][\/vc_column][\/vc_row][vc_row content_text_aligment=\u00a0\u00bbleft\u00a0\u00bb enable_surfer_icon=\u00a0\u00bbno\u00a0\u00bb css=\u00a0\u00bb.vc_custom_1582543773844{padding-top: 14px !important;}\u00a0\u00bb][vc_column][vc_column_text css=\u00a0\u00bb.vc_custom_1635729114881{padding-top: 2px !important;}\u00a0\u00bb]<\/p>\n<blockquote>\n<p style=\"text-align: center;\"><em><strong>\u00ab\u00a0Le voyage ne devient pas une aventure tant que tu ne te laisses pas derri\u00e8re toi.\u00a0\u00bb<\/strong><\/em><br \/>\nMarty Rubin<\/p>\n<\/blockquote>\n<p>[\/vc_column_text][vc_column_text][\/vc_column_text][\/vc_column][\/vc_row][vc_row content_text_aligment=\u00a0\u00bbleft\u00a0\u00bb enable_surfer_icon=\u00a0\u00bbno\u00a0\u00bb css=\u00a0\u00bb.vc_custom_1582543773844{padding-top: 14px !important;}\u00a0\u00bb][vc_column][vc_empty_space][\/vc_column][\/vc_row][vc_row enable_surfer_icon=\u00a0\u00bbno\u00a0\u00bb css=\u00a0\u00bb.vc_custom_1579771923784{padding-top: 59px !important;}\u00a0\u00bb][vc_column offset=\u00a0\u00bbvc_col-lg-offset-0 vc_col-lg-6 vc_col-md-offset-0 vc_col-md-12 vc_col-sm-offset-0 vc_col-xs-12&Prime; el_class=\u00a0\u00bbqodef-map\u00a0\u00bb][vc_column_text]<\/p>\n<h4><span style=\"font-weight: bold;\">De notre galerie<\/span><\/h4>\n<p>[\/vc_column_text][\/vc_column][vc_column css=\u00a0\u00bb.vc_custom_1550505500194{margin-left: -15px !important;padding-left: 0px !important;}\u00a0\u00bb offset=\u00a0\u00bbvc_col-lg-offset-0 vc_col-lg-6 vc_col-md-offset-0 vc_col-md-12 vc_col-sm-offset-0&Prime;][\/vc_column][\/vc_row][vc_row enable_surfer_icon=\u00a0\u00bbno\u00a0\u00bb css=\u00a0\u00bb.vc_custom_1579772034878{padding-top: 19px !important;}\u00a0\u00bb][vc_column]<div class=\"qodef-image-gallery qodef-grid-list qodef-disable-bottom-space  qodef-ig-grid-type qodef-three-columns qodef-tiny-space qodef-has-shadow qodef-image-behavior-zoom\">\n\t<div class=\"qodef-ig-inner qodef-outer-space\">\n\t\t\t\t\t<div class=\"qodef-ig-image qodef-item-space\">\n\t\t\t\t<div class=\"qodef-ig-image-inner\">\n\t\t\t\t\t\t\t\t\t\t\t<img loading=\"lazy\" decoding=\"async\" width=\"500\" height=\"362\" src=\"https:\/\/siankite.net\/wp-content\/uploads\/2021\/10\/Sian-Kite-Kite_Watersport-School_Tulum_Mexico_team_home_Tours.jpg\" class=\"attachment-full size-full\" alt=\"Siankite-Watersport-School-Tulum-Mexico-Tours\" srcset=\"https:\/\/siankite.net\/wp-content\/uploads\/2021\/10\/Sian-Kite-Kite_Watersport-School_Tulum_Mexico_team_home_Tours.jpg 500w, https:\/\/siankite.net\/wp-content\/uploads\/2021\/10\/Sian-Kite-Kite_Watersport-School_Tulum_Mexico_team_home_Tours-300x217.jpg 300w\" sizes=\"auto, (max-width: 500px) 100vw, 500px\" \/>\t\t\t\t\t\t\t\t\t<\/div>\n\t\t\t<\/div>\n\t\t\t\t\t<div class=\"qodef-ig-image qodef-item-space\">\n\t\t\t\t<div class=\"qodef-ig-image-inner\">\n\t\t\t\t\t\t\t\t\t\t\t<img loading=\"lazy\" decoding=\"async\" width=\"500\" height=\"631\" src=\"https:\/\/siankite.net\/wp-content\/uploads\/2021\/10\/Sian-Kite-Kite_Watersport-School_Tulum_Mexico_team_home_special-Tours.jpg\" class=\"attachment-full size-full\" alt=\"Siankite-Watersport-School-Tulum-Mexico-Tours\" srcset=\"https:\/\/siankite.net\/wp-content\/uploads\/2021\/10\/Sian-Kite-Kite_Watersport-School_Tulum_Mexico_team_home_special-Tours.jpg 500w, https:\/\/siankite.net\/wp-content\/uploads\/2021\/10\/Sian-Kite-Kite_Watersport-School_Tulum_Mexico_team_home_special-Tours-238x300.jpg 238w\" sizes=\"auto, (max-width: 500px) 100vw, 500px\" \/>\t\t\t\t\t\t\t\t\t<\/div>\n\t\t\t<\/div>\n\t\t\t\t\t<div class=\"qodef-ig-image qodef-item-space\">\n\t\t\t\t<div class=\"qodef-ig-image-inner\">\n\t\t\t\t\t\t\t\t\t\t\t<img loading=\"lazy\" decoding=\"async\" width=\"484\" height=\"545\" src=\"https:\/\/siankite.net\/wp-content\/uploads\/2021\/10\/Sian-Kite-Kite_Watersport-School_Tulum_Mexico_contact-__50kb.jpg\" class=\"attachment-full size-full\" alt=\"Siankite-Watersport-School-Tulum-Mexico-Kite-Surf\" srcset=\"https:\/\/siankite.net\/wp-content\/uploads\/2021\/10\/Sian-Kite-Kite_Watersport-School_Tulum_Mexico_contact-__50kb.jpg 484w, https:\/\/siankite.net\/wp-content\/uploads\/2021\/10\/Sian-Kite-Kite_Watersport-School_Tulum_Mexico_contact-__50kb-266x300.jpg 266w\" sizes=\"auto, (max-width: 484px) 100vw, 484px\" \/>\t\t\t\t\t\t\t\t\t<\/div>\n\t\t\t<\/div>\n\t\t\t\t\t<div class=\"qodef-ig-image qodef-item-space\">\n\t\t\t\t<div class=\"qodef-ig-image-inner\">\n\t\t\t\t\t\t\t\t\t\t\t<img loading=\"lazy\" decoding=\"async\" width=\"512\" height=\"300\" src=\"https:\/\/siankite.net\/wp-content\/uploads\/2021\/10\/Sian-Kite-Kite_Watersport-School_Tulum_Mexic_special_tours-_50kb-e1635376119170.jpg\" class=\"attachment-full size-full\" alt=\"Siankite-Watersport-School-Tulum-Mexico-Tours\" srcset=\"https:\/\/siankite.net\/wp-content\/uploads\/2021\/10\/Sian-Kite-Kite_Watersport-School_Tulum_Mexic_special_tours-_50kb-e1635376119170.jpg 512w, https:\/\/siankite.net\/wp-content\/uploads\/2021\/10\/Sian-Kite-Kite_Watersport-School_Tulum_Mexic_special_tours-_50kb-e1635376119170-300x176.jpg 300w\" sizes=\"auto, (max-width: 512px) 100vw, 512px\" \/>\t\t\t\t\t\t\t\t\t<\/div>\n\t\t\t<\/div>\n\t\t\t<\/div>\n<\/div>[\/vc_column][\/vc_row][vc_row content_text_aligment=\u00a0\u00bbleft\u00a0\u00bb enable_surfer_icon=\u00a0\u00bbno\u00a0\u00bb css=\u00a0\u00bb.vc_custom_1582543773844{padding-top: 14px !important;}\u00a0\u00bb][vc_column][vc_empty_space][\/vc_column][\/vc_row][vc_row content_text_aligment=\u00a0\u00bbleft\u00a0\u00bb enable_surfer_icon=\u00a0\u00bbno\u00a0\u00bb css=\u00a0\u00bb.vc_custom_1582543773844{padding-top: 14px !important;}\u00a0\u00bb][vc_column][vc_empty_space][\/vc_column][\/vc_row][vc_row][vc_column width=\u00a0\u00bb1\/3&Prime;][vc_separator][\/vc_column][vc_column width=\u00a0\u00bb1\/3&Prime;][vc_widget_sidebar sidebar_id=\u00a0\u00bbservice-menu\u00a0\u00bb][\/vc_column][vc_column width=\u00a0\u00bb1\/3&Prime;][vc_separator][\/vc_column][\/vc_row][vc_row content_text_aligment=\u00a0\u00bbleft\u00a0\u00bb enable_surfer_icon=\u00a0\u00bbno\u00a0\u00bb css=\u00a0\u00bb.vc_custom_1582543773844{padding-top: 14px !important;}\u00a0\u00bb][vc_column][vc_empty_space][\/vc_column][\/vc_row]<\/p>\n","protected":false},"excerpt":{"rendered":"<p>[vc_row enable_surfer_icon=\u00a0\u00bbno\u00a0\u00bb][vc_column width=\u00a0\u00bb1\/2&Prime;][vc_column_text] Visites sp\u00e9ciales [\/vc_column_text][vc_column_text]Private Mayan Underground Exploring Tour 8km into the Jungle. We welcome you to our new Paradise Underground Journey connect with the amazing nature. Enjoy hiking in this unique and exclusive Siankite adventure site, caves and [&hellip;]<\/p>\n","protected":false},"author":1,"featured_media":0,"parent":5803,"menu_order":0,"comment_status":"closed","ping_status":"closed","template":"","meta":{"_coblocks_attr":"","_coblocks_dimensions":"","_coblocks_responsive_height":"","_coblocks_accordion_ie_support":"","footnotes":""},"class_list":["post-5855","page","type-page","status-publish","hentry"],"yoast_head":"<!-- This site is optimized with the Yoast SEO Premium plugin v19.5 (Yoast SEO v27.5) - https:\/\/yoast.com\/product\/yoast-seo-premium-wordpress\/ -->\n<title>Tours Sp\u00e9ciaux Tulum | Cenote, Lagune &amp; Jungle Aventure<\/title>\n<meta name=\"description\" content=\"D\u00e9couvrez nos tours sp\u00e9ciaux \u00e0 Tulum : cenotes, lagunes et jungle maya. Aventure guid\u00e9e, \u00e9quipement inclus et exp\u00e9rience unique avec Siankite experts\" \/>\n<meta name=\"robots\" content=\"index, follow, max-snippet:-1, max-image-preview:large, max-video-preview:-1\" \/>\n<link rel=\"canonical\" href=\"https:\/\/siankite.net\/fr\/sports-nautiques-ecoles-services\/speciales-tours\/\" \/>\n<meta property=\"og:locale\" content=\"fr_FR\" \/>\n<meta property=\"og:type\" content=\"article\" \/>\n<meta property=\"og:title\" content=\"Special Tours\" \/>\n<meta property=\"og:description\" content=\"D\u00e9couvrez nos tours sp\u00e9ciaux \u00e0 Tulum : cenotes, lagunes et jungle maya. Aventure guid\u00e9e, \u00e9quipement inclus et exp\u00e9rience unique avec Siankite experts\" \/>\n<meta property=\"og:url\" content=\"https:\/\/siankite.net\/fr\/sports-nautiques-ecoles-services\/speciales-tours\/\" \/>\n<meta property=\"og:site_name\" content=\"Sports nautiques Siankite - Tulum - Mexique\" \/>\n<meta property=\"article:publisher\" content=\"https:\/\/www.facebook.com\/SIANKITETULUM\/\" \/>\n<meta property=\"article:modified_time\" content=\"2026-03-18T16:07:45+00:00\" \/>\n<meta property=\"og:image\" content=\"https:\/\/siankite.net\/wp-content\/uploads\/2021\/10\/Sian-Kite-Kite_Watersport-School_Tulum_Mexico_home-__50kb-.png\" \/>\n\t<meta property=\"og:image:width\" content=\"469\" \/>\n\t<meta property=\"og:image:height\" content=\"360\" \/>\n\t<meta property=\"og:image:type\" content=\"image\/png\" \/>\n<meta name=\"twitter:card\" content=\"summary_large_image\" \/>\n<script type=\"application\/ld+json\" class=\"yoast-schema-graph\">{\"@context\":\"https:\\\/\\\/schema.org\",\"@graph\":[{\"@type\":\"WebPage\",\"@id\":\"https:\\\/\\\/siankite.net\\\/fr\\\/sports-nautiques-ecoles-services\\\/speciales-tours\\\/\",\"url\":\"https:\\\/\\\/siankite.net\\\/fr\\\/sports-nautiques-ecoles-services\\\/speciales-tours\\\/\",\"name\":\"Tours Sp\u00e9ciaux Tulum | Cenote, Lagune & Jungle Aventure\",\"isPartOf\":{\"@id\":\"https:\\\/\\\/siankite.net\\\/fr\\\/#website\"},\"datePublished\":\"2020-01-17T19:14:10+00:00\",\"dateModified\":\"2026-03-18T16:07:45+00:00\",\"description\":\"D\u00e9couvrez nos tours sp\u00e9ciaux \u00e0 Tulum : cenotes, lagunes et jungle maya. Aventure guid\u00e9e, \u00e9quipement inclus et exp\u00e9rience unique avec Siankite experts\",\"breadcrumb\":{\"@id\":\"https:\\\/\\\/siankite.net\\\/fr\\\/sports-nautiques-ecoles-services\\\/speciales-tours\\\/#breadcrumb\"},\"inLanguage\":\"fr-FR\",\"potentialAction\":[{\"@type\":\"ReadAction\",\"target\":[\"https:\\\/\\\/siankite.net\\\/fr\\\/sports-nautiques-ecoles-services\\\/speciales-tours\\\/\"]}]},{\"@type\":\"BreadcrumbList\",\"@id\":\"https:\\\/\\\/siankite.net\\\/fr\\\/sports-nautiques-ecoles-services\\\/speciales-tours\\\/#breadcrumb\",\"itemListElement\":[{\"@type\":\"ListItem\",\"position\":1,\"name\":\"Siankite\",\"item\":\"https:\\\/\\\/siankite.net\\\/fr\\\/\"},{\"@type\":\"ListItem\",\"position\":2,\"name\":\"\u00c9cole de sports nautiques\",\"item\":\"https:\\\/\\\/siankite.net\\\/fr\\\/sports-nautiques-ecoles-services\\\/\"},{\"@type\":\"ListItem\",\"position\":3,\"name\":\"Special Tours\"}]},{\"@type\":\"WebSite\",\"@id\":\"https:\\\/\\\/siankite.net\\\/fr\\\/#website\",\"url\":\"https:\\\/\\\/siankite.net\\\/fr\\\/\",\"name\":\"Sian Kite Watersports - Tulum - Mexico\",\"description\":\"\u00c9cole de surf et de kitesurf\",\"publisher\":{\"@id\":\"https:\\\/\\\/siankite.net\\\/fr\\\/#organization\"},\"potentialAction\":[{\"@type\":\"SearchAction\",\"target\":{\"@type\":\"EntryPoint\",\"urlTemplate\":\"https:\\\/\\\/siankite.net\\\/fr\\\/?s={search_term_string}\"},\"query-input\":{\"@type\":\"PropertyValueSpecification\",\"valueRequired\":true,\"valueName\":\"search_term_string\"}}],\"inLanguage\":\"fr-FR\"},{\"@type\":[\"Organization\",\"Place\",\"SportsActivityLocation\"],\"@id\":\"https:\\\/\\\/siankite.net\\\/fr\\\/#organization\",\"name\":\"Siankite Watersport School Tulum - Mexico\",\"url\":\"https:\\\/\\\/siankite.net\\\/fr\\\/\",\"logo\":{\"@id\":\"https:\\\/\\\/siankite.net\\\/fr\\\/sports-nautiques-ecoles-services\\\/speciales-tours\\\/#local-main-organization-logo\"},\"image\":{\"@id\":\"https:\\\/\\\/siankite.net\\\/fr\\\/sports-nautiques-ecoles-services\\\/speciales-tours\\\/#local-main-organization-logo\"},\"sameAs\":[\"https:\\\/\\\/www.facebook.com\\\/SIANKITETULUM\\\/\",\"https:\\\/\\\/www.instagram.com\\\/siankite\\\/\",\"https:\\\/\\\/www.youtube.com\\\/user\\\/siankitetulum\\\/featured\"],\"address\":{\"@id\":\"https:\\\/\\\/siankite.net\\\/fr\\\/sports-nautiques-ecoles-services\\\/speciales-tours\\\/#local-main-place-address\"},\"telephone\":[\"+ 52 1 984 185 1151\"],\"openingHoursSpecification\":[{\"@type\":\"OpeningHoursSpecification\",\"dayOfWeek\":[\"Monday\",\"Tuesday\",\"Wednesday\",\"Thursday\",\"Friday\",\"Saturday\",\"Sunday\"],\"opens\":\"09:00\",\"closes\":\"19:00\"}],\"email\":\"booking@siankite.net\",\"priceRange\":\"$$\"},{\"@type\":\"PostalAddress\",\"@id\":\"https:\\\/\\\/siankite.net\\\/fr\\\/sports-nautiques-ecoles-services\\\/speciales-tours\\\/#local-main-place-address\",\"streetAddress\":\"Carr. Tulum-Boca Paila Km 4.5, Tulum Beach, Zona Costera\",\"addressLocality\":\"Tulum\",\"postalCode\":\"77780\",\"addressRegion\":\"Quintana Roo\",\"addressCountry\":\"MX\"},{\"@type\":\"ImageObject\",\"inLanguage\":\"fr-FR\",\"@id\":\"https:\\\/\\\/siankite.net\\\/fr\\\/sports-nautiques-ecoles-services\\\/speciales-tours\\\/#local-main-organization-logo\",\"url\":\"https:\\\/\\\/siankite.net\\\/wp-content\\\/uploads\\\/2021\\\/11\\\/Sian-Kite-Tulum-Mexico-Kite-Logo_black_trans_512.png\",\"contentUrl\":\"https:\\\/\\\/siankite.net\\\/wp-content\\\/uploads\\\/2021\\\/11\\\/Sian-Kite-Tulum-Mexico-Kite-Logo_black_trans_512.png\",\"width\":512,\"height\":512,\"caption\":\"Siankite Watersport School Tulum - Mexico\"}]}<\/script>\n<meta name=\"geo.placename\" content=\"Tulum\" \/>\n<meta name=\"geo.region\" content=\"Mexique\" \/>\n<!-- \/ Yoast SEO Premium plugin. -->","yoast_head_json":{"title":"Tours Sp\u00e9ciaux Tulum | Cenote, Lagune & Jungle Aventure","description":"D\u00e9couvrez nos tours sp\u00e9ciaux \u00e0 Tulum : cenotes, lagunes et jungle maya. Aventure guid\u00e9e, \u00e9quipement inclus et exp\u00e9rience unique avec Siankite experts","robots":{"index":"index","follow":"follow","max-snippet":"max-snippet:-1","max-image-preview":"max-image-preview:large","max-video-preview":"max-video-preview:-1"},"canonical":"https:\/\/siankite.net\/fr\/sports-nautiques-ecoles-services\/speciales-tours\/","og_locale":"fr_FR","og_type":"article","og_title":"Special Tours","og_description":"D\u00e9couvrez nos tours sp\u00e9ciaux \u00e0 Tulum : cenotes, lagunes et jungle maya. Aventure guid\u00e9e, \u00e9quipement inclus et exp\u00e9rience unique avec Siankite experts","og_url":"https:\/\/siankite.net\/fr\/sports-nautiques-ecoles-services\/speciales-tours\/","og_site_name":"Sports nautiques Siankite - Tulum - Mexique","article_publisher":"https:\/\/www.facebook.com\/SIANKITETULUM\/","article_modified_time":"2026-03-18T16:07:45+00:00","og_image":[{"width":469,"height":360,"url":"https:\/\/siankite.net\/wp-content\/uploads\/2021\/10\/Sian-Kite-Kite_Watersport-School_Tulum_Mexico_home-__50kb-.png","type":"image\/png"}],"twitter_card":"summary_large_image","schema":{"@context":"https:\/\/schema.org","@graph":[{"@type":"WebPage","@id":"https:\/\/siankite.net\/fr\/sports-nautiques-ecoles-services\/speciales-tours\/","url":"https:\/\/siankite.net\/fr\/sports-nautiques-ecoles-services\/speciales-tours\/","name":"Tours Sp\u00e9ciaux Tulum | Cenote, Lagune & Jungle Aventure","isPartOf":{"@id":"https:\/\/siankite.net\/fr\/#website"},"datePublished":"2020-01-17T19:14:10+00:00","dateModified":"2026-03-18T16:07:45+00:00","description":"D\u00e9couvrez nos tours sp\u00e9ciaux \u00e0 Tulum : cenotes, lagunes et jungle maya. Aventure guid\u00e9e, \u00e9quipement inclus et exp\u00e9rience unique avec Siankite experts","breadcrumb":{"@id":"https:\/\/siankite.net\/fr\/sports-nautiques-ecoles-services\/speciales-tours\/#breadcrumb"},"inLanguage":"fr-FR","potentialAction":[{"@type":"ReadAction","target":["https:\/\/siankite.net\/fr\/sports-nautiques-ecoles-services\/speciales-tours\/"]}]},{"@type":"BreadcrumbList","@id":"https:\/\/siankite.net\/fr\/sports-nautiques-ecoles-services\/speciales-tours\/#breadcrumb","itemListElement":[{"@type":"ListItem","position":1,"name":"Siankite","item":"https:\/\/siankite.net\/fr\/"},{"@type":"ListItem","position":2,"name":"\u00c9cole de sports nautiques","item":"https:\/\/siankite.net\/fr\/sports-nautiques-ecoles-services\/"},{"@type":"ListItem","position":3,"name":"Special Tours"}]},{"@type":"WebSite","@id":"https:\/\/siankite.net\/fr\/#website","url":"https:\/\/siankite.net\/fr\/","name":"Sian Kite Watersports - Tulum - Mexico","description":"\u00c9cole de surf et de kitesurf","publisher":{"@id":"https:\/\/siankite.net\/fr\/#organization"},"potentialAction":[{"@type":"SearchAction","target":{"@type":"EntryPoint","urlTemplate":"https:\/\/siankite.net\/fr\/?s={search_term_string}"},"query-input":{"@type":"PropertyValueSpecification","valueRequired":true,"valueName":"search_term_string"}}],"inLanguage":"fr-FR"},{"@type":["Organization","Place","SportsActivityLocation"],"@id":"https:\/\/siankite.net\/fr\/#organization","name":"Siankite Watersport School Tulum - Mexico","url":"https:\/\/siankite.net\/fr\/","logo":{"@id":"https:\/\/siankite.net\/fr\/sports-nautiques-ecoles-services\/speciales-tours\/#local-main-organization-logo"},"image":{"@id":"https:\/\/siankite.net\/fr\/sports-nautiques-ecoles-services\/speciales-tours\/#local-main-organization-logo"},"sameAs":["https:\/\/www.facebook.com\/SIANKITETULUM\/","https:\/\/www.instagram.com\/siankite\/","https:\/\/www.youtube.com\/user\/siankitetulum\/featured"],"address":{"@id":"https:\/\/siankite.net\/fr\/sports-nautiques-ecoles-services\/speciales-tours\/#local-main-place-address"},"telephone":["+ 52 1 984 185 1151","+ 52 1 984 185 1151"],"openingHoursSpecification":[{"@type":"OpeningHoursSpecification","dayOfWeek":["Monday","Tuesday","Wednesday","Thursday","Friday","Saturday","Sunday"],"opens":"09:00","closes":"19:00"}],"email":"booking@siankite.net","priceRange":"$$"},{"@type":"PostalAddress","@id":"https:\/\/siankite.net\/fr\/sports-nautiques-ecoles-services\/speciales-tours\/#local-main-place-address","streetAddress":"Carr. Tulum-Boca Paila Km 4.5, Tulum Beach, Zona Costera","addressLocality":"Tulum","postalCode":"77780","addressRegion":"Quintana Roo","addressCountry":"MX"},{"@type":"ImageObject","inLanguage":"fr-FR","@id":"https:\/\/siankite.net\/fr\/sports-nautiques-ecoles-services\/speciales-tours\/#local-main-organization-logo","url":"https:\/\/siankite.net\/wp-content\/uploads\/2021\/11\/Sian-Kite-Tulum-Mexico-Kite-Logo_black_trans_512.png","contentUrl":"https:\/\/siankite.net\/wp-content\/uploads\/2021\/11\/Sian-Kite-Tulum-Mexico-Kite-Logo_black_trans_512.png","width":512,"height":512,"caption":"Siankite Watersport School Tulum - Mexico"}]},"geo.placename":"Tulum","geo.region":"Mexique"},"_links":{"self":[{"href":"https:\/\/siankite.net\/fr\/wp-json\/wp\/v2\/pages\/5855","targetHints":{"allow":["GET"]}}],"collection":[{"href":"https:\/\/siankite.net\/fr\/wp-json\/wp\/v2\/pages"}],"about":[{"href":"https:\/\/siankite.net\/fr\/wp-json\/wp\/v2\/types\/page"}],"author":[{"embeddable":true,"href":"https:\/\/siankite.net\/fr\/wp-json\/wp\/v2\/users\/1"}],"replies":[{"embeddable":true,"href":"https:\/\/siankite.net\/fr\/wp-json\/wp\/v2\/comments?post=5855"}],"version-history":[{"count":4,"href":"https:\/\/siankite.net\/fr\/wp-json\/wp\/v2\/pages\/5855\/revisions"}],"predecessor-version":[{"id":6026,"href":"https:\/\/siankite.net\/fr\/wp-json\/wp\/v2\/pages\/5855\/revisions\/6026"}],"up":[{"embeddable":true,"href":"https:\/\/siankite.net\/fr\/wp-json\/wp\/v2\/pages\/5803"}],"wp:attachment":[{"href":"https:\/\/siankite.net\/fr\/wp-json\/wp\/v2\/media?parent=5855"}],"curies":[{"name":"wp","href":"https:\/\/api.w.org\/{rel}","templated":true}]}}